{"id":184,"date":"2014-11-20T08:16:32","date_gmt":"2014-11-20T07:16:32","guid":{"rendered":"http:\/\/vollstreckung.low-foodblogger.de\/?page_id=184"},"modified":"2025-12-13T12:36:25","modified_gmt":"2025-12-13T12:36:25","slug":"grundlagen-zur-eigensicherung","status":"publish","type":"page","link":"http:\/\/www.bdvz-nrw.de\/wordpress\/?page_id=184","title":{"rendered":"Modul 1 Eigensicherung"},"content":{"rendered":"<h5 style=\"text-align: center;\">Grundlagen zur Eigensicherung<\/h5>\n<h5 style=\"text-align: center;\">Modul 1<\/h5>\n<p style=\"text-align: center;\">03.02.2026 und 07.10.2026<\/p>\n<p><strong>Seminarinhalte:<\/strong><\/p>\n<p>Die Teilnehmer kennen die Grunds\u00e4tze der Eigensicherung und k\u00f6nnen unter Ber\u00fccksichtigung der rechtlichen Bestimmungen aus dem VwVG Grundrechtseingriffe situationsgerecht durchf\u00fchren.<br \/>\nSystematische Auseinandersetzung mit Gewalterfahrungen der Teilnehmer.<br \/>\nErlernen der Grundlagen der taktischen Eigensicherung f\u00fcr ein sicheres, kompetentes Einschreiten auch gegen\u00fcber gewaltbereiten Personen.<br \/>\nQualitative Verbesserung sowohl der kommunikativen Kompetenzen im Hinblick auf Deeskalationstechniken als auch der taktischen Konfliktvermeidung beim praktischen Einschreiten.<br \/>\nErlernen praktischer K\u00f6rperschutztechniken bei Angriffen des Gegen\u00fcbers.<br \/>\nKennenlernen und praktischer Umgang mit dem Pfefferspray<br \/>\nEntwicklung von Strategien f\u00fcr einen professionellen Umgang mit bedrohlichen Situationen und aggressiven Klientel zur Steigerung der Sicherheit<br \/>\nErlernen von sicherem und selbstbewusstem Auftreten zur Vermeidung von typischem Opferverhalten<br \/>\nErlernen von deeskalierender, einsatzbegleitender Kommunikation\u2026<\/p>\n<p><strong>Schwerpunkte:<\/strong><\/p>\n<ul>\n<li>Was bedeutet Eigensicherung?<\/li>\n<li>Sensibilisierung der Teilnehmer f\u00fcr ihre pers\u00f6nliche Eigensicherung<\/li>\n<li>Erkennen und akzeptieren von Warnsignalen (\u201eGefahrenradar&#8220;) zur Konfliktvermeidung sowie Eigenschutz<\/li>\n<li>Umgang mit Aggressionen und Gewalt<\/li>\n<li>K\u00f6rpersprache lesen und interpretieren (sowohl die Eigene, als auch die des Gegen\u00fcbers)<\/li>\n<li>Erkennen eigener St\u00e4rken, Selbstreflexion pers\u00f6nlichen Verhaltens, Verbesserung der pers\u00f6nlichen Handlungskompetenzen anhand von Beispielen, Spiegelung: &#8222;Wie sehe ich mich, wie sieht mich der B\u00fcrger!\u201c<\/li>\n<li>Common Objects (Haushaltgegenst\u00e4nde als potenzielle Waffe identifizieren)<\/li>\n<li>Distanzen \/ STOP \u00dcbung<\/li>\n<li>Sichere Handhabung und Anwendung des Pfeffersprays in praktischen \u00dcbungen<\/li>\n<li>Schutz und Umgang vor\/mit aggressiven Hunden<\/li>\n<li>Pfeffertraining: Sichere Handhabung und Anwendung des Pfeffersprays unter erschwerten Bedingungen in geschlossenen R\u00e4umen und im Freien<\/li>\n<li>Sicheres Vorgehen nach taktischen Gesichtspunkten in R\u00e4umlichkeiten wie Wohnungen und Treppenh\u00e4usern sowie im Freien, bei Anwesenheit einer oder mehrere (gewaltbereiter) Personen<\/li>\n<li>Schutz und Umgang vor und mit aggressiven Hunden<\/li>\n<li>Vertiefung und Abrufen erlernter Techniken und Verhaltensmuster in praxisorientierten Lagentrainings<\/li>\n<\/ul>\n<p style=\"text-align: left;\"><strong>Teilnehmer:<\/strong><\/p>\n<p style=\"text-align: left;\">Kolleginnen und Kollegen mit Au\u00dfendiensteins\u00e4tzen, max. 16 Teilnehmer<\/p>\n<p style=\"text-align: left;\"><strong>Referent\/in: <\/strong><\/p>\n<p style=\"text-align: left;\">Herr M.G., Kriminalhauptkommissar<br \/>\nHerr R.B., Kriminalhauptkommissar<br \/>\nBeide Einsatz- und Kommunikationstrainer bei der Polizei K\u00f6ln<\/p>\n<p><strong>Preis f\u00fcr \u00a0 \u00a0 \u00a0 \u00a0 \u00a0Mitglieder \u00a0 \u00a0 \u00a0 \u00a0 \u00a0 \u00a0 \u00a0 \u00a0 Nichtmitglieder<\/strong><br \/>\nSeminar \u00a0 \u00a0 \u00a0 \u00a0 \u00a0\u00a0 244,00 \u20ac \u00a0 \u00a0 \u00a0 \u00a0 \u00a0 \u00a0 \u00a0 \u00a0 \u00a0 \u00a0 \u00a0 \u00a0 \u00a0\u00a0 268,00 \u20ac<br \/>\n<span style=\"text-decoration: underline;\">Unterkunft* \u00a0 \u00a0 95,00 \u20ac \u00a0 \u00a0 \u00a0 \u00a0 \u00a0 \u00a0 \u00a0 \u00a0 \u00a0 \u00a0 \u00a0 \u00a0 \u00a0 \u00a0 \u00a0 95,00 \u20ac<\/span><br \/>\nGesamt: \u00a0 \u00a0 \u00a0 \u00a0\u00a0 339,00 \u20ac \u00a0 \u00a0 \u00a0 \u00a0 \u00a0 \u00a0 \u00a0 \u00a0 \u00a0 \u00a0 \u00a0 \u00a0 \u00a0 \u00a0 363,00 \u20ac<\/p>\n<p>*Die Unterkunft umfasst 1 \u00dcbernachtung + Fr\u00fchst\u00fcck + Tagungspauschale. Falls keine \u00dcbernachtung gebucht wird, f\u00e4llt eine Tagungspauschale von 49,50 \u20ac pro Tag an. Darin enthalten sind 1 Mittagessen + 1 Getr\u00e4nk und Pausengetr\u00e4nke wie Tee oder Kaffee.<\/p>\n<p><strong>Unterkunft und Veranstaltungsort:<\/strong><\/p>\n<p>Dorint Parkhotel Siegen<br \/>\nPatmosweg 60, 57078 Siegen<br \/>\ntel: +49 (0) 271 77 00 960<\/p>\n<p>Die Anreise wird am Vorabend bis 19.00 Uhr erwartet.<\/p>\n\n<div class=\"wpcf7 no-js\" id=\"wpcf7-f344-o1\" lang=\"de-DE\" dir=\"ltr\">\n<div class=\"screen-reader-response\"><p role=\"status\" aria-live=\"polite\" aria-atomic=\"true\"><\/p> <ul><\/ul><\/div>\n<form action=\"\/wordpress\/index.php?rest_route=%2Fwp%2Fv2%2Fpages%2F184#wpcf7-f344-o1\" method=\"post\" class=\"wpcf7-form init\" aria-label=\"Kontaktformular\" novalidate=\"novalidate\" data-status=\"init\">\n<div style=\"display: none;\">\n<input type=\"hidden\" name=\"_wpcf7\" value=\"344\" \/>\n<input type=\"hidden\" name=\"_wpcf7_version\" value=\"5.9.8\" \/>\n<input type=\"hidden\" name=\"_wpcf7_locale\" value=\"de_DE\" \/>\n<input type=\"hidden\" name=\"_wpcf7_unit_tag\" value=\"wpcf7-f344-o1\" \/>\n<input type=\"hidden\" name=\"_wpcf7_container_post\" value=\"0\" \/>\n<input type=\"hidden\" name=\"_wpcf7_posted_data_hash\" value=\"\" \/>\n<input type=\"hidden\" name=\"_wpcf7_recaptcha_response\" value=\"\" \/>\n<\/div>\n<p><b>Seminardatum (nicht Anreisetag!) und Seminarname<br \/>\neintragen (Pflichtfeld)<\/b>\n<\/p>\n<p><span class=\"wpcf7-form-control-wrap\" data-name=\"Seminare24\"><select class=\"wpcf7-form-control wpcf7-select wpcf7-validates-as-required\" aria-required=\"true\" aria-invalid=\"false\" name=\"Seminare24\"><option value=\"\">&#8211; Bitte ausw\u00e4hlen &#8211;<\/option><option value=\"- Grundseminar Eigensicherung (Modul 1)\t03.02.2026 Siegen\">- Grundseminar Eigensicherung (Modul 1)\t03.02.2026 Siegen<\/option><option value=\"- Aufbauseminar Eigensicherung (Modul 2)\t04.02.2026 Siegen\">- Aufbauseminar Eigensicherung (Modul 2)\t04.02.2026 Siegen<\/option><option value=\"- Die Forderungspf\u00e4ndung, Arbeitseinkommen etc.\t04.03.2026 - 05.03.2026 Siegen\">- Die Forderungspf\u00e4ndung, Arbeitseinkommen etc.\t04.03.2026 - 05.03.2026 Siegen<\/option><option value=\"- Aufbauseminar Eigensicherung (Modul 2)\t10.03.2026 Siegen\">- Aufbauseminar Eigensicherung (Modul 2)\t10.03.2026 Siegen<\/option><option value=\"- Spezialseminar Eigensicherung (Modul 3)\t11.03.2026 Siegen\">- Spezialseminar Eigensicherung (Modul 3)\t11.03.2026 Siegen<\/option><option value=\"- Grundseminar f\u00fcr Vollziehungsbeamtinnen und -beamte 23.03.2026 \u2013 27.03.2026 S\u00fcdlohn\">- Grundseminar f\u00fcr Vollziehungsbeamtinnen und -beamte 23.03.2026 \u2013 27.03.2026 S\u00fcdlohn<\/option><option value=\"- Vollstreckung rund um den Nachlass 14.04.2026 Online\">- Vollstreckung rund um den Nachlass 14.04.2026 Online<\/option><option value=\"- Rechtsseminar zur Eigensicherung\t15.04.2026 Siegen\">- Rechtsseminar zur Eigensicherung\t15.04.2026 Siegen<\/option><option value=\"- Spezialseminar Eigensicherung (Modul 3)\t16.04.2026 Siegen\">- Spezialseminar Eigensicherung (Modul 3)\t16.04.2026 Siegen<\/option><option value=\"- Grundseminar Zwangsversteigerung\t22.04.2026 Siegen\">- Grundseminar Zwangsversteigerung\t22.04.2026 Siegen<\/option><option value=\"- Konflikte in der Vollstreckung\t23.04.2026 Siegen\">- Konflikte in der Vollstreckung\t23.04.2026 Siegen<\/option><option value=\"- Grundlagenseminar Insolvenz\t28.04.2026 S\u00fcdlohn\">- Grundlagenseminar Insolvenz\t28.04.2026 S\u00fcdlohn<\/option><option value=\"- Eigensicherung Modul 6 - Vertiefung der erlernten Modelle\t29.04. - 30.04.2026 Siegen\">- Eigensicherung Modul 6 - Vertiefung der erlernten Modelle\t29.04. - 30.04.2026 Siegen<\/option><option value=\"- Abnahme der Verm\u00f6gensauskunft\t06.05.2026 S\u00fcdlohn\">- Abnahme der Verm\u00f6gensauskunft\t06.05.2026 S\u00fcdlohn<\/option><option value=\"- Umgang mit extremistischen Personen am Bsp. Reichsb\u00fcrger\t07.05.2026 S\u00fcdlohn\">- Umgang mit extremistischen Personen am Bsp. Reichsb\u00fcrger\t07.05.2026 S\u00fcdlohn<\/option><option value=\"- Gl\u00e4ubigertaktik in der Zwangsvollstreckung 15.06.2026 Online\">- Gl\u00e4ubigertaktik in der Zwangsvollstreckung 15.06.2026 Online<\/option><option value=\"- Die Vollstreckung gegen Gesamtschuldner, Erbengemeinschaften etc.\t16.06.2026 S\u00fcdlohn\">- Die Vollstreckung gegen Gesamtschuldner, Erbengemeinschaften etc.\t16.06.2026 S\u00fcdlohn<\/option><option value=\"- Pf\u00e4ndung und Verwertung von Kraftfahrzeugen\t13.07.2026 S\u00fcdlohn\">- Pf\u00e4ndung und Verwertung von Kraftfahrzeugen\t13.07.2026 S\u00fcdlohn<\/option><option value=\"- Spielautomatenpf\u00e4ndung mit\/ohne Gewinnm\u00f6glichkeit\t14.07.2026 Siegen\">- Spielautomatenpf\u00e4ndung mit\/ohne Gewinnm\u00f6glichkeit\t14.07.2026 Siegen<\/option><option value=\"- Die Vollstreckung von Bu\u00dfgeldbescheiden 07.09.2026 Online\">- Die Vollstreckung von Bu\u00dfgeldbescheiden 07.09.2026 Online<\/option><option value=\"- Aufbauseminar Zwangsversteigerung\t24.09.2026 Siegen\">- Aufbauseminar Zwangsversteigerung\t24.09.2026 Siegen<\/option><option value=\"- Die T\u00fcr\u00f6ffnung \/ Wohnungsdurchsuchung\t01.10.2026 S\u00fcdlohn\">- Die T\u00fcr\u00f6ffnung \/ Wohnungsdurchsuchung\t01.10.2026 S\u00fcdlohn<\/option><option value=\"- Aktuelle Gesetzes\u00e4nderungen u. Fragen aus der Praxis\t05.10.2026 - 06.10.2026 Werne\">- Aktuelle Gesetzes\u00e4nderungen u. Fragen aus der Praxis\t05.10.2026 - 06.10.2026 Werne<\/option><option value=\"- Grundseminar Eigensicherung (Modul 1)\t07.10.2026 Siegen\">- Grundseminar Eigensicherung (Modul 1)\t07.10.2026 Siegen<\/option><option value=\"- Aufbauseminar Eigensicherung (Modul 2)\t08.10.2026 Siegen\">- Aufbauseminar Eigensicherung (Modul 2)\t08.10.2026 Siegen<\/option><option value=\"- Grundseminar f\u00fcr Vollziehungsbeamtinnen und -beamte 12.10.2026 \u2013 16.10.2026 S\u00fcdlohn\">- Grundseminar f\u00fcr Vollziehungsbeamtinnen und -beamte 12.10.2026 \u2013 16.10.2026 S\u00fcdlohn<\/option><option value=\"- Informationsgewinnung in der Vollstreckung\t03.11.2026 online\">- Informationsgewinnung in der Vollstreckung\t03.11.2026 online<\/option><option value=\"- Aufbauseminar Eigensicherung (Modul 2)\t10.11.2026 Siegen\">- Aufbauseminar Eigensicherung (Modul 2)\t10.11.2026 Siegen<\/option><option value=\"- Spezialseminar Eigensicherung (Modul 3)\t11.11.2026 Siegen\">- Spezialseminar Eigensicherung (Modul 3)\t11.11.2026 Siegen<\/option><option value=\"- Eigensicherung Modul 6 - Vertiefung der erlernten Modelle\t24.11. - 25.11.2026 Siegen\">- Eigensicherung Modul 6 - Vertiefung der erlernten Modelle\t24.11. - 25.11.2026 Siegen<\/option><\/select><\/span>\n<\/p>\n<p><b>Ihr Name (Pflichtfeld)<\/b>\n<\/p>\n<p><span class=\"wpcf7-form-control-wrap\" data-name=\"your-name\"><input size=\"40\" maxlength=\"400\" class=\"wpcf7-form-control wpcf7-text wpcf7-validates-as-required\" aria-required=\"true\" aria-invalid=\"false\" value=\"\" type=\"text\" name=\"your-name\" \/><\/span>\n<\/p>\n<p><b>Beh\u00f6rde (Pflichtfeld)<\/b>\n<\/p>\n<p><span class=\"wpcf7-form-control-wrap\" data-name=\"Behoerde\"><input size=\"40\" maxlength=\"400\" class=\"wpcf7-form-control wpcf7-text wpcf7-validates-as-required\" aria-required=\"true\" aria-invalid=\"false\" value=\"\" type=\"text\" name=\"Behoerde\" \/><\/span>\n<\/p>\n<p><b>Adresse der Beh\u00f6rde (Pflichtfeld)<\/b>\n<\/p>\n<p><span class=\"wpcf7-form-control-wrap\" data-name=\"BehoerdenadressePflichtfeld\"><input size=\"40\" maxlength=\"400\" class=\"wpcf7-form-control wpcf7-text wpcf7-validates-as-required\" aria-required=\"true\" aria-invalid=\"false\" value=\"\" type=\"text\" name=\"BehoerdenadressePflichtfeld\" \/><\/span>\n<\/p>\n<p><b>Ihre E-Mail-Adresse (Pflichtfeld)<\/b>\n<\/p>\n<p><span class=\"wpcf7-form-control-wrap\" data-name=\"your-email\"><input size=\"40\" maxlength=\"400\" class=\"wpcf7-form-control wpcf7-email wpcf7-validates-as-required wpcf7-text wpcf7-validates-as-email\" aria-required=\"true\" aria-invalid=\"false\" value=\"\" type=\"email\" name=\"your-email\" \/><\/span>\n<\/p>\n<p><b>Mitglied BDVZ (Pflichtfeld)<\/b>\n<\/p>\n<p><span class=\"wpcf7-form-control-wrap\" data-name=\"MitgliedBDVZ\"><select class=\"wpcf7-form-control wpcf7-select wpcf7-validates-as-required\" aria-required=\"true\" aria-invalid=\"false\" name=\"MitgliedBDVZ\"><option value=\"Ja\">Ja<\/option><option value=\"Nein\">Nein<\/option><\/select><\/span>\n<\/p>\n<p><b>\u00dcbernachtung (Pflichtfeld)<\/b>\n<\/p>\n<p><span class=\"wpcf7-form-control-wrap\" data-name=\"Uebernachtung\"><select class=\"wpcf7-form-control wpcf7-select wpcf7-validates-as-required\" aria-required=\"true\" aria-invalid=\"false\" name=\"Uebernachtung\"><option value=\"Ja\">Ja<\/option><option value=\"Nein\">Nein<\/option><\/select><\/span>\n<\/p>\n<p><b>Ich bin damit einverstanden, dass mein Name, Vorname und meine Dienststelle auf einer Teilnehmerliste im Vorfeld des Seminares an den Teilnehmerkreis versendet wird. (Pflichtfeld)<\/b>\n<\/p>\n<p><span class=\"wpcf7-form-control-wrap\" data-name=\"Datenschutzerklaerung\"><span class=\"wpcf7-form-control wpcf7-checkbox wpcf7-validates-as-required\"><span class=\"wpcf7-list-item first\"><span class=\"wpcf7-list-item-label\">Ja<\/span><input type=\"checkbox\" name=\"Datenschutzerklaerung[]\" value=\"Ja\" \/><\/span><span class=\"wpcf7-list-item last\"><span class=\"wpcf7-list-item-label\">Nein<\/span><input type=\"checkbox\" name=\"Datenschutzerklaerung[]\" value=\"Nein\" \/><\/span><\/span><\/span>\n<\/p>\n<p><b>Hiermit stimme ich den AGB's dieser Seite zu!<\/b>\n<\/p>\n<p><span class=\"wpcf7-form-control-wrap\" data-name=\"AGB\"><span class=\"wpcf7-form-control wpcf7-checkbox wpcf7-validates-as-required\"><span class=\"wpcf7-list-item first last\"><span class=\"wpcf7-list-item-label\">Ich stimme zu<\/span><input type=\"checkbox\" name=\"AGB[]\" value=\"Ich stimme zu\" \/><\/span><\/span><\/span>\n<\/p>\n<p><b>Ihre Nachricht\/Anmerkungen<\/b>\n<\/p>\n<p><span class=\"wpcf7-form-control-wrap\" data-name=\"your-message\"><textarea cols=\"40\" rows=\"10\" maxlength=\"2000\" class=\"wpcf7-form-control wpcf7-textarea\" aria-invalid=\"false\" name=\"your-message\"><\/textarea><\/span>\n<\/p>\n<p><input class=\"wpcf7-form-control wpcf7-submit has-spinner\" type=\"submit\" value=\"Senden\" \/>\n<\/p><div class=\"wpcf7-response-output\" aria-hidden=\"true\"><\/div>\n<\/form>\n<\/div>\n\n","protected":false},"excerpt":{"rendered":"<p>Grundlagen zur Eigensicherung Modul 1 03.02.2026 und 07.10.2026 Seminarinhalte: Die Teilnehmer kennen die Grunds\u00e4tze der Eigensicherung und k\u00f6nnen unter Ber\u00fccksichtigung der rechtlichen Bestimmungen aus dem VwVG Grundrechtseingriffe situationsgerecht durchf\u00fchren. Systematische Auseinandersetzung mit Gewalterfahrungen der Teilnehmer. Erlernen der Grundlagen der taktischen Eigensicherung f\u00fcr ein sicheres, kompetentes Einschreiten auch gegen\u00fcber gewaltbereiten Personen. Qualitative Verbesserung sowohl der kommunikativen &hellip; <a href=\"http:\/\/www.bdvz-nrw.de\/wordpress\/?page_id=184\" class=\"more-link\"><span class=\"screen-reader-text\">Modul 1 Eigensicherung<\/span> weiterlesen <span class=\"meta-nav\">&rarr;<\/span><\/a><\/p>\n","protected":false},"author":1,"featured_media":0,"parent":0,"menu_order":116,"comment_status":"closed","ping_status":"open","template":"","meta":{"footnotes":""},"class_list":["post-184","page","type-page","status-publish","hentry"],"_links":{"self":[{"href":"http:\/\/www.bdvz-nrw.de\/wordpress\/index.php?rest_route=\/wp\/v2\/pages\/184","targetHints":{"allow":["GET"]}}],"collection":[{"href":"http:\/\/www.bdvz-nrw.de\/wordpress\/index.php?rest_route=\/wp\/v2\/pages"}],"about":[{"href":"http:\/\/www.bdvz-nrw.de\/wordpress\/index.php?rest_route=\/wp\/v2\/types\/page"}],"author":[{"embeddable":true,"href":"http:\/\/www.bdvz-nrw.de\/wordpress\/index.php?rest_route=\/wp\/v2\/users\/1"}],"replies":[{"embeddable":true,"href":"http:\/\/www.bdvz-nrw.de\/wordpress\/index.php?rest_route=%2Fwp%2Fv2%2Fcomments&post=184"}],"version-history":[{"count":22,"href":"http:\/\/www.bdvz-nrw.de\/wordpress\/index.php?rest_route=\/wp\/v2\/pages\/184\/revisions"}],"predecessor-version":[{"id":12134,"href":"http:\/\/www.bdvz-nrw.de\/wordpress\/index.php?rest_route=\/wp\/v2\/pages\/184\/revisions\/12134"}],"wp:attachment":[{"href":"http:\/\/www.bdvz-nrw.de\/wordpress\/index.php?rest_route=%2Fwp%2Fv2%2Fmedia&parent=184"}],"curies":[{"name":"wp","href":"https:\/\/api.w.org\/{rel}","templated":true}]}}