{"id":3101,"date":"2017-12-13T20:47:11","date_gmt":"2017-12-13T20:47:11","guid":{"rendered":"http:\/\/www.bdvz-nrw.de\/wordpress\/?page_id=3101"},"modified":"2025-12-14T09:59:05","modified_gmt":"2025-12-14T09:59:05","slug":"update-fuer-den-aussendienst","status":"publish","type":"page","link":"http:\/\/www.bdvz-nrw.de\/wordpress\/?page_id=3101","title":{"rendered":"Aktuelle Rechtssprechung"},"content":{"rendered":"<h4 style=\"text-align: center;\">Aktuelles aus der Rechtssprechung<\/h4>\n<p style=\"text-align: center;\">05. und 06.Oktober 2026<\/p>\n<p><strong>Seminarinhalte:<\/strong><\/p>\n<div class=\"page\" title=\"Page 19\">\n<div class=\"layoutArea\">\n<div class=\"column\">\n<p>St\u00e4ndig befasst sich die Rechtsprechung mit Fragen der Vollstreckung von Geldforderungen. F\u00fcr die Praxis ist es unerl\u00e4sslich, sich immer auf dem Laufenden zu halten. Die bedeutsamen und wegweisenden Entscheidungen und deren Umsetzung in der Praxis werden im Seminar vermittelt. Allgemein relevante Fragen bei der Vollstreckung in das bewegliche Verm\u00f6gen werden eingehend behandelt. Muster, Vordrucke und Formulierungshilfen werden zur Verf\u00fcgung gestellt. Erfahrungs-austausch und Diskussion runden das Seminarthema ab. Weitere Einzelheiten k\u00f6nnen in der Ausschreibung noch nicht genannt werden, da bei Drucklegung noch nicht absehbar ist, wie die weitere Entwicklung bis zum Seminar sich darstellt.<\/p>\n<\/div>\n<\/div>\n<\/div>\n<p><strong>Schwerpunkte:<\/strong><\/p>\n<div class=\"page\" title=\"Page 19\">\n<div class=\"layoutArea\">\n<div class=\"column\">\n<ul>\n<li>Vorstellung und Erl\u00e4uterung der aktuellen Gesetzeslage, soweit diese f\u00fcr die t\u00e4gliche Praxis von Bedeutung ist<\/li>\n<li>Die aktuelle Rechtsprechung zur Vollstreckung in bewegliche Sachen, Geldforderungen, unbewegliches Verm\u00f6gen und Insolvenz<\/li>\n<li>M\u00f6glichkeiten und Grenzen der Vollstreckung in das bewegliche Verm\u00f6gen. Was ist rechtlich m\u00f6glich, was ist wirtschaftlich sinnvoll, praktisches Vorgehen<\/li>\n<li>Erfahrungsaustausch und Diskussion<\/li>\n<\/ul>\n<\/div>\n<\/div>\n<\/div>\n<p><strong>Teilnehmer:<\/strong><\/p>\n<p>Kolleginnen und Kollegen der Vollstreckungsbeh\u00f6rden<\/p>\n<p><strong>Referent\/in:<\/strong><\/p>\n<p>Herr Ass. jur. Peter Rothfuss, Stadtrechtsdirektor a. D.<\/p>\n<p><strong>Preis f\u00fcr \u00a0 \u00a0 \u00a0 \u00a0 \u00a0Mitglieder \u00a0 \u00a0 \u00a0 \u00a0 \u00a0 \u00a0 \u00a0 \u00a0 Nichtmitglieder<\/strong><br \/>\nSeminar\u00a0 \u00a0 \u00a0 \u00a0 \u00a0 \u00a0 420,00 \u20ac \u00a0 \u00a0 \u00a0 \u00a0 \u00a0 \u00a0 \u00a0 \u00a0 \u00a0 \u00a0 \u00a0 \u00a0 \u00a0\u00a0 468,00 \u20ac<br \/>\n<span style=\"text-decoration: underline;\">Unterkunft* \u00a0 190,00 \u20ac \u00a0 \u00a0 \u00a0 \u00a0 \u00a0 \u00a0 \u00a0 \u00a0 \u00a0 \u00a0 \u00a0 \u00a0 \u00a0\u00a0 190,00 \u20ac<\/span><br \/>\nGesamt:\u00a0 \u00a0 \u00a0 \u00a0 \u00a0 \u00a0610,00 \u20ac\u00a0 \u00a0 \u00a0 \u00a0 \u00a0 \u00a0 \u00a0 \u00a0 \u00a0 \u00a0 \u00a0 \u00a0 \u00a0 \u00a0 \u00a0658,00 \u20ac<\/p>\n<p>*Die Unterkunft umfasst 2 \u00dcbernachtungen + Fr\u00fchst\u00fcck + Tagungspauschale. Falls keine \u00dcbernachtungen gebucht werden, f\u00e4llt eine Tagungspauschale von 49,50 \u20ac pro Tag an. Darin enthalten sind 2 Mittagessen + 2 Getr\u00e4nke und Pausengetr\u00e4nke wie Tee oder Kaffee.<\/p>\n<p><strong>Veranstaltungsort<br \/>\n<\/strong><\/p>\n<p>Kroes Hotel am Kloster KG<br \/>\nKurt-Schumacher-Str. 9, 59368 Werne<br \/>\ntel: +49 (0) 2389 52 61 40<\/p>\n<p>Die Anreise wird am Vorabend bis 19.00 Uhr erwartet.<\/p>\n<p style=\"text-align: left;\">\n<div class=\"wpcf7 no-js\" id=\"wpcf7-f344-o1\" lang=\"de-DE\" dir=\"ltr\">\n<div class=\"screen-reader-response\"><p role=\"status\" aria-live=\"polite\" aria-atomic=\"true\"><\/p> <ul><\/ul><\/div>\n<form action=\"\/wordpress\/index.php?rest_route=%2Fwp%2Fv2%2Fpages%2F3101#wpcf7-f344-o1\" method=\"post\" class=\"wpcf7-form init\" aria-label=\"Kontaktformular\" novalidate=\"novalidate\" data-status=\"init\">\n<div style=\"display: none;\">\n<input type=\"hidden\" name=\"_wpcf7\" value=\"344\" \/>\n<input type=\"hidden\" name=\"_wpcf7_version\" value=\"5.9.8\" \/>\n<input type=\"hidden\" name=\"_wpcf7_locale\" value=\"de_DE\" \/>\n<input type=\"hidden\" name=\"_wpcf7_unit_tag\" value=\"wpcf7-f344-o1\" \/>\n<input type=\"hidden\" name=\"_wpcf7_container_post\" value=\"0\" \/>\n<input type=\"hidden\" name=\"_wpcf7_posted_data_hash\" value=\"\" \/>\n<input type=\"hidden\" name=\"_wpcf7_recaptcha_response\" value=\"\" \/>\n<\/div>\n<p><b>Seminardatum (nicht Anreisetag!) und Seminarname<br \/>\neintragen (Pflichtfeld)<\/b>\n<\/p>\n<p><span class=\"wpcf7-form-control-wrap\" data-name=\"Seminare24\"><select class=\"wpcf7-form-control wpcf7-select wpcf7-validates-as-required\" aria-required=\"true\" aria-invalid=\"false\" name=\"Seminare24\"><option value=\"\">&#8211; Bitte ausw\u00e4hlen &#8211;<\/option><option value=\"- Grundseminar Eigensicherung (Modul 1)\t03.02.2026 Siegen\">- Grundseminar Eigensicherung (Modul 1)\t03.02.2026 Siegen<\/option><option value=\"- Aufbauseminar Eigensicherung (Modul 2)\t04.02.2026 Siegen\">- Aufbauseminar Eigensicherung (Modul 2)\t04.02.2026 Siegen<\/option><option value=\"- Die Forderungspf\u00e4ndung, Arbeitseinkommen etc.\t04.03.2026 - 05.03.2026 Siegen\">- Die Forderungspf\u00e4ndung, Arbeitseinkommen etc.\t04.03.2026 - 05.03.2026 Siegen<\/option><option value=\"- Aufbauseminar Eigensicherung (Modul 2)\t10.03.2026 Siegen\">- Aufbauseminar Eigensicherung (Modul 2)\t10.03.2026 Siegen<\/option><option value=\"- Spezialseminar Eigensicherung (Modul 3)\t11.03.2026 Siegen\">- Spezialseminar Eigensicherung (Modul 3)\t11.03.2026 Siegen<\/option><option value=\"- Grundseminar f\u00fcr Vollziehungsbeamtinnen und -beamte 23.03.2026 \u2013 27.03.2026 S\u00fcdlohn\">- Grundseminar f\u00fcr Vollziehungsbeamtinnen und -beamte 23.03.2026 \u2013 27.03.2026 S\u00fcdlohn<\/option><option value=\"- Vollstreckung rund um den Nachlass 14.04.2026 Online\">- Vollstreckung rund um den Nachlass 14.04.2026 Online<\/option><option value=\"- Rechtsseminar zur Eigensicherung\t15.04.2026 Siegen\">- Rechtsseminar zur Eigensicherung\t15.04.2026 Siegen<\/option><option value=\"- Spezialseminar Eigensicherung (Modul 3)\t16.04.2026 Siegen\">- Spezialseminar Eigensicherung (Modul 3)\t16.04.2026 Siegen<\/option><option value=\"- Grundseminar Zwangsversteigerung\t22.04.2026 Siegen\">- Grundseminar Zwangsversteigerung\t22.04.2026 Siegen<\/option><option value=\"- Konflikte in der Vollstreckung\t23.04.2026 Siegen\">- Konflikte in der Vollstreckung\t23.04.2026 Siegen<\/option><option value=\"- Grundlagenseminar Insolvenz\t28.04.2026 S\u00fcdlohn\">- Grundlagenseminar Insolvenz\t28.04.2026 S\u00fcdlohn<\/option><option value=\"- Eigensicherung Modul 6 - Vertiefung der erlernten Modelle\t29.04. - 30.04.2026 Siegen\">- Eigensicherung Modul 6 - Vertiefung der erlernten Modelle\t29.04. - 30.04.2026 Siegen<\/option><option value=\"- Abnahme der Verm\u00f6gensauskunft\t06.05.2026 S\u00fcdlohn\">- Abnahme der Verm\u00f6gensauskunft\t06.05.2026 S\u00fcdlohn<\/option><option value=\"- Umgang mit extremistischen Personen am Bsp. Reichsb\u00fcrger\t07.05.2026 S\u00fcdlohn\">- Umgang mit extremistischen Personen am Bsp. Reichsb\u00fcrger\t07.05.2026 S\u00fcdlohn<\/option><option value=\"- Gl\u00e4ubigertaktik in der Zwangsvollstreckung 15.06.2026 Online\">- Gl\u00e4ubigertaktik in der Zwangsvollstreckung 15.06.2026 Online<\/option><option value=\"- Die Vollstreckung gegen Gesamtschuldner, Erbengemeinschaften etc.\t16.06.2026 S\u00fcdlohn\">- Die Vollstreckung gegen Gesamtschuldner, Erbengemeinschaften etc.\t16.06.2026 S\u00fcdlohn<\/option><option value=\"- Pf\u00e4ndung und Verwertung von Kraftfahrzeugen\t13.07.2026 S\u00fcdlohn\">- Pf\u00e4ndung und Verwertung von Kraftfahrzeugen\t13.07.2026 S\u00fcdlohn<\/option><option value=\"- Spielautomatenpf\u00e4ndung mit\/ohne Gewinnm\u00f6glichkeit\t14.07.2026 Siegen\">- Spielautomatenpf\u00e4ndung mit\/ohne Gewinnm\u00f6glichkeit\t14.07.2026 Siegen<\/option><option value=\"- Die Vollstreckung von Bu\u00dfgeldbescheiden 07.09.2026 Online\">- Die Vollstreckung von Bu\u00dfgeldbescheiden 07.09.2026 Online<\/option><option value=\"- Aufbauseminar Zwangsversteigerung\t24.09.2026 Siegen\">- Aufbauseminar Zwangsversteigerung\t24.09.2026 Siegen<\/option><option value=\"- Die T\u00fcr\u00f6ffnung \/ Wohnungsdurchsuchung\t01.10.2026 S\u00fcdlohn\">- Die T\u00fcr\u00f6ffnung \/ Wohnungsdurchsuchung\t01.10.2026 S\u00fcdlohn<\/option><option value=\"- Aktuelle Gesetzes\u00e4nderungen u. Fragen aus der Praxis\t05.10.2026 - 06.10.2026 Werne\">- Aktuelle Gesetzes\u00e4nderungen u. Fragen aus der Praxis\t05.10.2026 - 06.10.2026 Werne<\/option><option value=\"- Grundseminar Eigensicherung (Modul 1)\t07.10.2026 Siegen\">- Grundseminar Eigensicherung (Modul 1)\t07.10.2026 Siegen<\/option><option value=\"- Aufbauseminar Eigensicherung (Modul 2)\t08.10.2026 Siegen\">- Aufbauseminar Eigensicherung (Modul 2)\t08.10.2026 Siegen<\/option><option value=\"- Grundseminar f\u00fcr Vollziehungsbeamtinnen und -beamte 12.10.2026 \u2013 16.10.2026 S\u00fcdlohn\">- Grundseminar f\u00fcr Vollziehungsbeamtinnen und -beamte 12.10.2026 \u2013 16.10.2026 S\u00fcdlohn<\/option><option value=\"- Informationsgewinnung in der Vollstreckung\t03.11.2026 online\">- Informationsgewinnung in der Vollstreckung\t03.11.2026 online<\/option><option value=\"- Aufbauseminar Eigensicherung (Modul 2)\t10.11.2026 Siegen\">- Aufbauseminar Eigensicherung (Modul 2)\t10.11.2026 Siegen<\/option><option value=\"- Spezialseminar Eigensicherung (Modul 3)\t11.11.2026 Siegen\">- Spezialseminar Eigensicherung (Modul 3)\t11.11.2026 Siegen<\/option><option value=\"- Eigensicherung Modul 6 - Vertiefung der erlernten Modelle\t24.11. - 25.11.2026 Siegen\">- Eigensicherung Modul 6 - Vertiefung der erlernten Modelle\t24.11. - 25.11.2026 Siegen<\/option><\/select><\/span>\n<\/p>\n<p><b>Ihr Name (Pflichtfeld)<\/b>\n<\/p>\n<p><span class=\"wpcf7-form-control-wrap\" data-name=\"your-name\"><input size=\"40\" maxlength=\"400\" class=\"wpcf7-form-control wpcf7-text wpcf7-validates-as-required\" aria-required=\"true\" aria-invalid=\"false\" value=\"\" type=\"text\" name=\"your-name\" \/><\/span>\n<\/p>\n<p><b>Beh\u00f6rde (Pflichtfeld)<\/b>\n<\/p>\n<p><span class=\"wpcf7-form-control-wrap\" data-name=\"Behoerde\"><input size=\"40\" maxlength=\"400\" class=\"wpcf7-form-control wpcf7-text wpcf7-validates-as-required\" aria-required=\"true\" aria-invalid=\"false\" value=\"\" type=\"text\" name=\"Behoerde\" \/><\/span>\n<\/p>\n<p><b>Adresse der Beh\u00f6rde (Pflichtfeld)<\/b>\n<\/p>\n<p><span class=\"wpcf7-form-control-wrap\" data-name=\"BehoerdenadressePflichtfeld\"><input size=\"40\" maxlength=\"400\" class=\"wpcf7-form-control wpcf7-text wpcf7-validates-as-required\" aria-required=\"true\" aria-invalid=\"false\" value=\"\" type=\"text\" name=\"BehoerdenadressePflichtfeld\" \/><\/span>\n<\/p>\n<p><b>Ihre E-Mail-Adresse (Pflichtfeld)<\/b>\n<\/p>\n<p><span class=\"wpcf7-form-control-wrap\" data-name=\"your-email\"><input size=\"40\" maxlength=\"400\" class=\"wpcf7-form-control wpcf7-email wpcf7-validates-as-required wpcf7-text wpcf7-validates-as-email\" aria-required=\"true\" aria-invalid=\"false\" value=\"\" type=\"email\" name=\"your-email\" \/><\/span>\n<\/p>\n<p><b>Mitglied BDVZ (Pflichtfeld)<\/b>\n<\/p>\n<p><span class=\"wpcf7-form-control-wrap\" data-name=\"MitgliedBDVZ\"><select class=\"wpcf7-form-control wpcf7-select wpcf7-validates-as-required\" aria-required=\"true\" aria-invalid=\"false\" name=\"MitgliedBDVZ\"><option value=\"Ja\">Ja<\/option><option value=\"Nein\">Nein<\/option><\/select><\/span>\n<\/p>\n<p><b>\u00dcbernachtung (Pflichtfeld)<\/b>\n<\/p>\n<p><span class=\"wpcf7-form-control-wrap\" data-name=\"Uebernachtung\"><select class=\"wpcf7-form-control wpcf7-select wpcf7-validates-as-required\" aria-required=\"true\" aria-invalid=\"false\" name=\"Uebernachtung\"><option value=\"Ja\">Ja<\/option><option value=\"Nein\">Nein<\/option><\/select><\/span>\n<\/p>\n<p><b>Ich bin damit einverstanden, dass mein Name, Vorname und meine Dienststelle auf einer Teilnehmerliste im Vorfeld des Seminares an den Teilnehmerkreis versendet wird. (Pflichtfeld)<\/b>\n<\/p>\n<p><span class=\"wpcf7-form-control-wrap\" data-name=\"Datenschutzerklaerung\"><span class=\"wpcf7-form-control wpcf7-checkbox wpcf7-validates-as-required\"><span class=\"wpcf7-list-item first\"><span class=\"wpcf7-list-item-label\">Ja<\/span><input type=\"checkbox\" name=\"Datenschutzerklaerung[]\" value=\"Ja\" \/><\/span><span class=\"wpcf7-list-item last\"><span class=\"wpcf7-list-item-label\">Nein<\/span><input type=\"checkbox\" name=\"Datenschutzerklaerung[]\" value=\"Nein\" \/><\/span><\/span><\/span>\n<\/p>\n<p><b>Hiermit stimme ich den AGB's dieser Seite zu!<\/b>\n<\/p>\n<p><span class=\"wpcf7-form-control-wrap\" data-name=\"AGB\"><span class=\"wpcf7-form-control wpcf7-checkbox wpcf7-validates-as-required\"><span class=\"wpcf7-list-item first last\"><span class=\"wpcf7-list-item-label\">Ich stimme zu<\/span><input type=\"checkbox\" name=\"AGB[]\" value=\"Ich stimme zu\" \/><\/span><\/span><\/span>\n<\/p>\n<p><b>Ihre Nachricht\/Anmerkungen<\/b>\n<\/p>\n<p><span class=\"wpcf7-form-control-wrap\" data-name=\"your-message\"><textarea cols=\"40\" rows=\"10\" maxlength=\"2000\" class=\"wpcf7-form-control wpcf7-textarea\" aria-invalid=\"false\" name=\"your-message\"><\/textarea><\/span>\n<\/p>\n<p><input class=\"wpcf7-form-control wpcf7-submit has-spinner\" type=\"submit\" value=\"Senden\" \/>\n<\/p><div class=\"wpcf7-response-output\" aria-hidden=\"true\"><\/div>\n<\/form>\n<\/div>\n<\/p>\n","protected":false},"excerpt":{"rendered":"<p>Aktuelles aus der Rechtssprechung 05. und 06.Oktober 2026 Seminarinhalte: St\u00e4ndig befasst sich die Rechtsprechung mit Fragen der Vollstreckung von Geldforderungen. F\u00fcr die Praxis ist es unerl\u00e4sslich, sich immer auf dem Laufenden zu halten. Die bedeutsamen und wegweisenden Entscheidungen und deren Umsetzung in der Praxis werden im Seminar vermittelt. Allgemein relevante Fragen bei der Vollstreckung in &hellip; <a href=\"http:\/\/www.bdvz-nrw.de\/wordpress\/?page_id=3101\" class=\"more-link\"><span class=\"screen-reader-text\">Aktuelle Rechtssprechung<\/span> weiterlesen <span class=\"meta-nav\">&rarr;<\/span><\/a><\/p>\n","protected":false},"author":1,"featured_media":0,"parent":0,"menu_order":0,"comment_status":"closed","ping_status":"closed","template":"","meta":{"footnotes":""},"class_list":["post-3101","page","type-page","status-publish","hentry"],"_links":{"self":[{"href":"http:\/\/www.bdvz-nrw.de\/wordpress\/index.php?rest_route=\/wp\/v2\/pages\/3101","targetHints":{"allow":["GET"]}}],"collection":[{"href":"http:\/\/www.bdvz-nrw.de\/wordpress\/index.php?rest_route=\/wp\/v2\/pages"}],"about":[{"href":"http:\/\/www.bdvz-nrw.de\/wordpress\/index.php?rest_route=\/wp\/v2\/types\/page"}],"author":[{"embeddable":true,"href":"http:\/\/www.bdvz-nrw.de\/wordpress\/index.php?rest_route=\/wp\/v2\/users\/1"}],"replies":[{"embeddable":true,"href":"http:\/\/www.bdvz-nrw.de\/wordpress\/index.php?rest_route=%2Fwp%2Fv2%2Fcomments&post=3101"}],"version-history":[{"count":13,"href":"http:\/\/www.bdvz-nrw.de\/wordpress\/index.php?rest_route=\/wp\/v2\/pages\/3101\/revisions"}],"predecessor-version":[{"id":12169,"href":"http:\/\/www.bdvz-nrw.de\/wordpress\/index.php?rest_route=\/wp\/v2\/pages\/3101\/revisions\/12169"}],"wp:attachment":[{"href":"http:\/\/www.bdvz-nrw.de\/wordpress\/index.php?rest_route=%2Fwp%2Fv2%2Fmedia&parent=3101"}],"curies":[{"name":"wp","href":"https:\/\/api.w.org\/{rel}","templated":true}]}}