{"id":509,"date":"2015-02-24T12:16:43","date_gmt":"2015-02-24T12:16:43","guid":{"rendered":"http:\/\/www.bdvz-nrw.de\/wordpress\/?page_id=509"},"modified":"2015-02-24T12:16:43","modified_gmt":"2015-02-24T12:16:43","slug":"bericht-zur-lat-olfen-06-11-2014","status":"publish","type":"page","link":"http:\/\/www.bdvz-nrw.de\/wordpress\/?page_id=509","title":{"rendered":"Bericht zur LAT Olfen 06.11.2014"},"content":{"rendered":"<p>Um 9.30 Uhr er\u00f6ffnete der Landesvorsitzende Karl Ratschmann die diesj\u00e4hrige LAT in Olfen.<\/p>\n<p>Er begr\u00fc\u00dfte zun\u00e4chst die Ehreng\u00e4ste. Vom Landtag NRW den Abgeordneten Herrn Dr. Marcus Optendrenk, vom Finanzministerium Frau Sandra Peitz. Auch der erste Vorsitzende des KKV NRW, Herr Karl Heinz Stinner wurde als Ehrengast herzlich begr\u00fc\u00dft. Frau Seipp vertrat den ARD ZDF Deutschlandradio Beitragsservice und Frau Kruse den WDR K\u00f6ln. Herr Johannes Schwarz war als Vertreter des GPA NRW vor Ort. Als Vertreter f\u00fcr den befreundeten Landesverband Schleswig Holstein konnte Frau Kerstin Kruse begr\u00fc\u00dft werden. Ebenso wurden Herr Willi Kreuzenbeck von der Deutschen Justizgewerkschaft, Frau Dieckerhoff, Leiterin der Vollstreckung Stadt Dortmund und Herr Klingner, ebenfalls Stadtkasse Dortmund sowie Herr Uwe Olfermann vom Brief &amp; Siegel Verlag begr\u00fc\u00dft.<\/p>\n<p>Nat\u00fcrlich wurden auch die Ehrenmitglieder Bernd Kleinjohann, Rolf H\u00f6lscher nicht vergessen.<\/p>\n<p>B\u00fcrgermeister Himmelmann hie\u00df alle herzlich in der Stadthalle Olfen willkommen und bedankte sich f\u00fcr die mittlerweile traditionelle Durchf\u00fchrung der LAT in der Stadt Olfen. Auf humorvolle Art schilderte er einen Arbeitstag als B\u00fcrgermeister bei der Stadt Olfen. Er f\u00fchrte weiter an, dass die Vollziehungsbeamten\/innen seinen gr\u00f6\u00dften Respekt verdienen und diese Arbeit auch in der \u00d6ffentlichkeit anerkannt werden sollte.<\/p>\n<p>Karl Ratschmann bedankte sich bei allen G\u00e4sten f\u00fcr ihre Gru\u00dfworte und stellte den Referenten, Herrn Hartmut Splittgerber, Leitung Vollstreckung der Stadtkasse Solingen, vor. Sein Thema heute:<\/p>\n<p>&#8222;Verfahren zur Abnahme der Verm\u00f6gensauskunft durch Vollziehungsbeamte&#8220;<\/p>\n<p>Im Anschluss an das Referat wurden von Andreas Gelhard die Seminare f\u00fcr das Jahr 2015 vorgestellt. Danach ging es in die Mittagspause.<\/p>\n<p>Um 14:00 Uhr wurde die Mitgliederversammlung ein letztes Mal durch Karl Ratschmann er\u00f6ffnet. Er hatte bereits auf der letzten LAT verk\u00fcndet, dass er sein Amt als Landesvorsitzender im Jahr 2014 niederlegen werde.<\/p>\n<p>Karl Ratschmann bedankte sich bei den Vorstandsmitgliedern f\u00fcr die geleistete Arbeit im vergangenen Jahr. Privates, berufliches und ehrenamtliches unter einen Hut zu bekommen ist nicht immer leicht. F\u00fcr die Zukunft w\u00fcnschte er dem Vorstand weiter eine harmonische Zusammenarbeit.<\/p>\n<p>Das Wort wurde an Olaf Stolz weitergegeben. Er trug den Kassenbericht vor. Herr J\u00fcrgen Klee von der Stadtkasse Unna best\u00e4tigte der Mitgliederversammlung, dass die Kasse am 05.11.2014 durch ihn und den Kollegen Horst Wagner gepr\u00fcft wurde. Da es von Seiten der Kassenpr\u00fcfer keine Beanstandungen gab, wurden die Mitglieder per Handzeichen gebeten, den Kassenwart und den restlichen Vorstand zu entlasten. Dies erfolgte beides ohne Gegenstimmen.<\/p>\n<p>Im Anschluss an den Kassenbericht 2014 erfolgte die Verabschiedung des bisherigen Landesvorsitzenden Karl Ratschmann mit einer Laudatio durch den stellv. Landesvorsitzenden Nils Grahlmann. Er lie\u00df die langj\u00e4hrige Vorstandsarbeit von Karl Revue passieren. Zum Schluss seiner Rede stellte er den Antrag auf Ehrenmitgliedschaft f\u00fcr Karl Ratschmann, diesem wurde einstimmig entsprochen.<\/p>\n<p>Da uns Karl zum 20j\u00e4hrigen Verbandsjubil\u00e4um einen Vollstreckerblues schenkte, revanchierten wir uns zu seinem Ruhestand mit dem Lied \u201ePf\u00e4ndungsfrei durch den Alltag\u201c.<\/p>\n<p>Bevor die Neuwahl des Landesvorsitzenden erfolgte, hielt Karl Ratschmann seine Abschiedsrede. Karl bedankte sich, f\u00fcr das ihm entgegengebrachte Vertrauen.<\/p>\n<p>Karl Ratschmann teilte der Mitgliederversammlung mit, dass Nils Grahlmann zum Landesvorsitzenden vom Vorstand vorgeschlagen wird. Gegenkandidaten stellten sich nicht zur Wahl.<\/p>\n<p>Nils Grahlmann wurde von der Mitgliederversammlung gew\u00e4hlt. Er nahm die Wahl an und \u00fcbernahm ab sofort die Funktion des Landesvorsitzenden, sowie den weiteren Wahlverlauf.<\/p>\n<p>Als n\u00e4chstes wurde Ralf B\u00f6cker zur Wahl durch den Landesvorsitzenden als sein Stellvertreter vorgeschlagen. Hier gab es ebenfalls keine Gegenkandidaten.<\/p>\n<p>Ralf B\u00f6cker wurde ebenfalls durch die Mitgliederversammlung gew\u00e4hlt. Er nimmt die Wahl an und \u00fcbernimmt ab sofort den Posten des stellv. Landesvorsitzenden im Vorstand.<\/p>\n<p>Aufgrund der Wahl des bisherigen Schriftf\u00fchrers zum stellv. Landesvorsitzenden musste ein neuer Schriftf\u00fchrer\/in gew\u00e4hlt werden. Zur Wahl stellten sich aus der Mitgliederversammlung Frau Anja Zimmer von der Stadt Hemer und Frau Diana Gebel vom Landesamt f\u00fcr Finanzen NRW. Nach einer kurzen Vorstellung der beiden Kandidaten wurde die Versammlung durch Nils Grahlmann gefragt, in welcher Form die Wahl durchgef\u00fchrt werden sollte. Diese beantragte eine geheime Wahl. Sodann wurden die hierf\u00fcr vorbereiteten Stimmzettel verteilt.<\/p>\n<p>Die Ausz\u00e4hlung erfolgte durch Frank Altmann und Olaf Stolz, als Zeuge war anwesend Alexander Brandt, Stadt Detmold.<\/p>\n<p>Diana Gebel erhielt die mehrheitlichen Stimmen. Sie nahm die Wahl an und \u00fcbernimmt zuk\u00fcnftig die Funktion der Schriftf\u00fchrerin im Vorstand.<\/p>\n<p>Auf Nachfrage teilte Karl Ratschmann mit, dass dem Landesverband derzeit 520 Mitglieder angeh\u00f6ren, davon mittlerweile ca. 30% Frauen. Zur LAT 2014 sind 193 Teilnehmer erschienen. Mit Beginn der Mitgliederversammlung waren diese auch alle wahlberechtigt Aus den Reihen der Mitglieder wurde der Wunsch ge\u00e4u\u00dfert, ein Seminar bez\u00fcglich der steigenden Problematik mit Reichsb\u00fcrgern und Germaniten einzurichten.<\/p>\n<p>Die Landesarbeitstagung 2015 wird voraussichtlich am 29.10.2015 stattfinden.<\/p>\n<p>Gegen 16:00 Uhr beendete Nils Grahlmann die Mitgliederversammlung und w\u00fcnschte allen eine gute Heimfahrt. Er freut sich auf ein Wiedersehen in 2015 zur Landesarbeitstagung bzw. auf einem der angebotenen Seminare.<\/p>\n","protected":false},"excerpt":{"rendered":"<p>Um 9.30 Uhr er\u00f6ffnete der Landesvorsitzende Karl Ratschmann die diesj\u00e4hrige LAT in Olfen. Er begr\u00fc\u00dfte zun\u00e4chst die Ehreng\u00e4ste. Vom Landtag NRW den Abgeordneten Herrn Dr. Marcus Optendrenk, vom Finanzministerium Frau Sandra Peitz. Auch der erste Vorsitzende des KKV NRW, Herr Karl Heinz Stinner wurde als Ehrengast herzlich begr\u00fc\u00dft. Frau Seipp vertrat den ARD ZDF Deutschlandradio &hellip; <a href=\"http:\/\/www.bdvz-nrw.de\/wordpress\/?page_id=509\" class=\"more-link\"><span class=\"screen-reader-text\">Bericht zur LAT Olfen 06.11.2014<\/span> weiterlesen <span class=\"meta-nav\">&rarr;<\/span><\/a><\/p>\n","protected":false},"author":1,"featured_media":0,"parent":74,"menu_order":0,"comment_status":"open","ping_status":"open","template":"","meta":{"footnotes":""},"class_list":["post-509","page","type-page","status-publish","hentry"],"_links":{"self":[{"href":"http:\/\/www.bdvz-nrw.de\/wordpress\/index.php?rest_route=\/wp\/v2\/pages\/509","targetHints":{"allow":["GET"]}}],"collection":[{"href":"http:\/\/www.bdvz-nrw.de\/wordpress\/index.php?rest_route=\/wp\/v2\/pages"}],"about":[{"href":"http:\/\/www.bdvz-nrw.de\/wordpress\/index.php?rest_route=\/wp\/v2\/types\/page"}],"author":[{"embeddable":true,"href":"http:\/\/www.bdvz-nrw.de\/wordpress\/index.php?rest_route=\/wp\/v2\/users\/1"}],"replies":[{"embeddable":true,"href":"http:\/\/www.bdvz-nrw.de\/wordpress\/index.php?rest_route=%2Fwp%2Fv2%2Fcomments&post=509"}],"version-history":[{"count":1,"href":"http:\/\/www.bdvz-nrw.de\/wordpress\/index.php?rest_route=\/wp\/v2\/pages\/509\/revisions"}],"predecessor-version":[{"id":510,"href":"http:\/\/www.bdvz-nrw.de\/wordpress\/index.php?rest_route=\/wp\/v2\/pages\/509\/revisions\/510"}],"up":[{"embeddable":true,"href":"http:\/\/www.bdvz-nrw.de\/wordpress\/index.php?rest_route=\/wp\/v2\/pages\/74"}],"wp:attachment":[{"href":"http:\/\/www.bdvz-nrw.de\/wordpress\/index.php?rest_route=%2Fwp%2Fv2%2Fmedia&parent=509"}],"curies":[{"name":"wp","href":"https:\/\/api.w.org\/{rel}","templated":true}]}}