{"id":74,"date":"2014-09-14T10:50:09","date_gmt":"2014-09-14T08:50:09","guid":{"rendered":"http:\/\/vollstreckung.low-foodblogger.de\/?page_id=74"},"modified":"2024-02-17T09:33:42","modified_gmt":"2024-02-17T09:33:42","slug":"archiv","status":"publish","type":"page","link":"http:\/\/www.bdvz-nrw.de\/wordpress\/?page_id=74","title":{"rendered":"Archiv"},"content":{"rendered":"<p><strong>Bericht zur LAT in Olfen am 29.10.2015<\/strong><\/p>\n<p>Um 9.30 Uhr er\u00f6ffnete der Landesvorsitzende Nils Grahlmann die diesj\u00e4hrige LAT in Olfen.<br \/>\nEr begr\u00fc\u00dfte rund 230 angereiste Kolleginnen und Kollegen sowie die Ehreng\u00e4ste.<\/p>\n<p><a href=\"http:\/\/www.bdvz-nrw.de\/wordpress\/wp-content\/uploads\/2015\/11\/7.jpg\"><img loading=\"lazy\" decoding=\"async\" class=\"alignnone size-thumbnail wp-image-662\" src=\"http:\/\/www.bdvz-nrw.de\/wordpress\/wp-content\/uploads\/2015\/11\/7-150x150.jpg\" alt=\"7\" width=\"150\" height=\"150\" \/><\/a><\/p>\n<p>Im Anschluss folgte das Fachreferat durch Herrn Dr. Braun vom Ministerium f\u00fcr Inneres und Kommunalangelegenheiten NRW (Abteilung Verfassungsschutz) zum Thema \u201eReichsdeutsche\u201c.<\/p>\n<p><a href=\"http:\/\/www.bdvz-nrw.de\/wordpress\/wp-content\/uploads\/2015\/11\/8.jpg\"><img loading=\"lazy\" decoding=\"async\" class=\"alignnone size-thumbnail wp-image-663\" src=\"http:\/\/www.bdvz-nrw.de\/wordpress\/wp-content\/uploads\/2015\/11\/8-150x150.jpg\" alt=\"8\" width=\"150\" height=\"150\" \/><\/a><\/p>\n<p>Nach der wohlverdienten Mittagspause er\u00f6ffnete der Landesvorsitzende um 13.30 Uhr die Mitgliederversammlung<\/p>\n<p>Als neues Mitglied im Vorstand wurde Frau Anja Menge begr\u00fc\u00dft, die die Aufgaben der Schriftf\u00fchrerin \u00fcbernimmt.<\/p>\n<p><a href=\"http:\/\/www.bdvz-nrw.de\/wordpress\/wp-content\/uploads\/2015\/11\/2.jpg\"><img loading=\"lazy\" decoding=\"async\" class=\"alignnone size-thumbnail wp-image-657\" src=\"http:\/\/www.bdvz-nrw.de\/wordpress\/wp-content\/uploads\/2015\/11\/2-150x150.jpg\" alt=\"2\" width=\"150\" height=\"150\" \/><\/a><\/p>\n<p>Durch die Kollegen vom Kommunalverband Bedburg\/Hau wurde der Kollege Otto Elsner in den Ruhestand verabschiedet.<\/p>\n<p><a href=\"http:\/\/www.bdvz-nrw.de\/wordpress\/wp-content\/uploads\/2015\/11\/4.jpg\"><img loading=\"lazy\" decoding=\"async\" class=\"alignnone size-thumbnail wp-image-659\" src=\"http:\/\/www.bdvz-nrw.de\/wordpress\/wp-content\/uploads\/2015\/11\/4-150x150.jpg\" alt=\"4\" width=\"150\" height=\"150\" \/><\/a><\/p>\n<p>Gegen 16:00 Uhr beendete Nils Grahlmann die Mitgliederversammlung und w\u00fcnschte allen eine gute Heimfahrt.<br \/>\nEine ausf\u00fchrliche Berichterstattung gibt es im anmeldepflichtigen Bereich unter Aktuelles.<\/p>\n","protected":false},"excerpt":{"rendered":"<p>Bericht zur LAT in Olfen am 29.10.2015 Um 9.30 Uhr er\u00f6ffnete der Landesvorsitzende Nils Grahlmann die diesj\u00e4hrige LAT in Olfen. Er begr\u00fc\u00dfte rund 230 angereiste Kolleginnen und Kollegen sowie die Ehreng\u00e4ste. Im Anschluss folgte das Fachreferat durch Herrn Dr. Braun vom Ministerium f\u00fcr Inneres und Kommunalangelegenheiten NRW (Abteilung Verfassungsschutz) zum Thema \u201eReichsdeutsche\u201c. Nach der wohlverdienten &hellip; <a href=\"http:\/\/www.bdvz-nrw.de\/wordpress\/?page_id=74\" class=\"more-link\"><span class=\"screen-reader-text\">Archiv<\/span> weiterlesen <span class=\"meta-nav\">&rarr;<\/span><\/a><\/p>\n","protected":false},"author":1,"featured_media":0,"parent":0,"menu_order":90,"comment_status":"closed","ping_status":"open","template":"","meta":{"footnotes":""},"class_list":["post-74","page","type-page","status-publish","hentry"],"_links":{"self":[{"href":"http:\/\/www.bdvz-nrw.de\/wordpress\/index.php?rest_route=\/wp\/v2\/pages\/74","targetHints":{"allow":["GET"]}}],"collection":[{"href":"http:\/\/www.bdvz-nrw.de\/wordpress\/index.php?rest_route=\/wp\/v2\/pages"}],"about":[{"href":"http:\/\/www.bdvz-nrw.de\/wordpress\/index.php?rest_route=\/wp\/v2\/types\/page"}],"author":[{"embeddable":true,"href":"http:\/\/www.bdvz-nrw.de\/wordpress\/index.php?rest_route=\/wp\/v2\/users\/1"}],"replies":[{"embeddable":true,"href":"http:\/\/www.bdvz-nrw.de\/wordpress\/index.php?rest_route=%2Fwp%2Fv2%2Fcomments&post=74"}],"version-history":[{"count":7,"href":"http:\/\/www.bdvz-nrw.de\/wordpress\/index.php?rest_route=\/wp\/v2\/pages\/74\/revisions"}],"predecessor-version":[{"id":1241,"href":"http:\/\/www.bdvz-nrw.de\/wordpress\/index.php?rest_route=\/wp\/v2\/pages\/74\/revisions\/1241"}],"wp:attachment":[{"href":"http:\/\/www.bdvz-nrw.de\/wordpress\/index.php?rest_route=%2Fwp%2Fv2%2Fmedia&parent=74"}],"curies":[{"name":"wp","href":"https:\/\/api.w.org\/{rel}","templated":true}]}}