{"id":11331,"date":"2023-12-18T08:45:58","date_gmt":"2023-12-18T08:45:58","guid":{"rendered":"http:\/\/www.bdvz-nrw.de\/wordpress\/?page_id=11331"},"modified":"2026-03-25T10:41:10","modified_gmt":"2026-03-25T10:41:10","slug":"vollstreckung-gegen-gesamtschuldner","status":"publish","type":"page","link":"https:\/\/www.bdvz-nrw.de\/wordpress\/?page_id=11331","title":{"rendered":"Vollstreckung gegen Gesamtschuldner"},"content":{"rendered":"\n<p class=\"has-text-align-center has-medium-font-size\"><strong>Vollstreckung gegen Gesamtschuldner,<br>Erbengemeinschaften, Vereine und Firmen<br>Die Auswirkung des Gesetzes zur Modernisierung des Personengesellschaftsrecht zum 01.01.2024 auf die Vollstreckung<\/strong><\/p>\n\n\n\n<p class=\"has-text-align-center\">16. Juni 2026<\/p>\n\n\n\n<p><strong>Seminarinhalte<\/strong><br><\/p>\n\n\n\n<p>Die Vollstreckung gegen Personenmehrheiten, Erben und Erbengemeinschaften, Vereine und Firmen sowie die Fragen der Haftung f\u00fcr eine Forderung bzw. einer Duldungspflicht bereiten in der Praxis oft erhebliche Schwierigkeiten. Dies h\u00e4ngt zum einen damit zusammen, dass das Rechtsgebiet sehr un\u00fcbersichtlich ist und die einzelnen Vollstreckungsm\u00f6glichkeiten und Haftungsnormen sich in den verschiedensten Gesetzen befinden, als auch zum anderen damit, dass Sachverhaltsermittlung, Festsetzung und Durchsetzung gro\u00dfe Probleme aufwerfen. In diesem Seminar wird die n\u00f6tige Rechtskenntnis und -sicherheit vermittelt, als auch anhand praktischer Beispiele, das taktische Vorgehen besprochen. Es besteht die Gelegenheit zur Diskussion praktischer Einzelfragen.<\/p>\n\n\n\n<p><strong>Schwerpunkte<\/strong><\/p>\n\n\n\n<p>Vollstreckung gegen Personenmehrheiten, Erben und Erbengemeinschaften, Vereine und Firmen<br>Wie sind die rechtlichen M\u00f6glichkeiten in der Situation! &#8211; Welche Verm\u00f6gensgegenst\u00e4nde dem Schuldner zuzuordnen sind etc.<br>Gesamtschuldner<br>Erbengemeinschaft<br>Einzelunternehmer, Selbstst\u00e4ndige<br>\u00dcberblick \u00fcber die einzelnen Personenmehrheiten, Personengesellschaften, Kapitalgesellschaften (GbR, OHG, KG, GmbH, Unternehmergesellschaft, Ltd. usw.)<br>M\u00f6glichkeiten der Vollstreckung<br>Die Auswirkungen eines Insolvenzverfahrens, Anmeldung, Neuforderungen, Freigabe, Haftung<br>               bei Zwangsversteigerung<br>               bei Insolvenz<br>Besonderheiten bei einer Wohnungseigent\u00fcmergemeinschaft<\/p>\n\n\n\n<p><strong>Teilnehmer:<\/strong><\/p>\n\n\n\n<p>Kolleginnen und Kollegen der Vollstreckungsbeh\u00f6rden<\/p>\n\n\n\n<p><strong>Referent\/in:<\/strong><\/p>\n\n\n\n<p>Herr Norbert Hillmann, Richter am AG J\u00fclich<\/p>\n\n\n\n<p><strong><strong>Veranstaltungsort &nbsp; &nbsp; &nbsp; &nbsp; &nbsp; &nbsp; &nbsp; &nbsp; &nbsp; &nbsp; &nbsp; &nbsp; &nbsp; &nbsp; &nbsp; &nbsp; &nbsp; &nbsp; &nbsp; Hotel<\/strong><\/strong><\/p>\n\n\n\n<div class=\"wp-block-group\"><div class=\"wp-block-group__inner-container is-layout-flow wp-block-group-is-layout-flow\">\n<p>&#8222;Haus Wilmers&#8220; &nbsp; &nbsp; &nbsp; &nbsp; &nbsp; &nbsp; &nbsp; &nbsp; &nbsp; &nbsp; &nbsp; &nbsp; &nbsp; &nbsp; &nbsp; &nbsp; &nbsp; &nbsp; &nbsp; &nbsp; &nbsp; &nbsp; Hotel Nagel<br>Kirchplatz 9 &nbsp; &nbsp; &nbsp; &nbsp; &nbsp; &nbsp; &nbsp; &nbsp; &nbsp; &nbsp; &nbsp; &nbsp; &nbsp; &nbsp; &nbsp; &nbsp; &nbsp; &nbsp; &nbsp; &nbsp; &nbsp; &nbsp; &nbsp; &nbsp; &nbsp; &nbsp; &nbsp;Kirchplatz 8<br>46354 S\u00fcdlohn &nbsp; &nbsp; &nbsp; &nbsp; &nbsp; &nbsp; &nbsp; &nbsp; &nbsp; &nbsp; &nbsp; &nbsp; &nbsp; &nbsp; &nbsp; &nbsp; &nbsp; &nbsp; &nbsp; &nbsp; &nbsp; &nbsp; &nbsp; 46354 S\u00fcdlohn<br>Tel. 02862\/7877 &nbsp; &nbsp; &nbsp; &nbsp; &nbsp; &nbsp; &nbsp; &nbsp; &nbsp; &nbsp; &nbsp; &nbsp; &nbsp; &nbsp; &nbsp; &nbsp; &nbsp; &nbsp; &nbsp; &nbsp; &nbsp; Tel. 02862\/9804-0<\/p>\n<\/div><\/div>\n\n\n\n<p><strong>Preis f\u00fcr &nbsp; &nbsp; &nbsp; &nbsp; &nbsp;Mitglieder &nbsp; &nbsp; &nbsp; &nbsp; &nbsp; &nbsp; &nbsp; &nbsp; Nichtmitglieder<\/strong><br>Seminar &nbsp; &nbsp; &nbsp; &nbsp; &nbsp; &nbsp; 210,00 \u20ac &nbsp; &nbsp; &nbsp; &nbsp; &nbsp; &nbsp; &nbsp; &nbsp; &nbsp; &nbsp; &nbsp; &nbsp; &nbsp;&nbsp;&nbsp;&nbsp; 234,00 \u20ac<br><span style=\"text-decoration: underline;\">Unterkunft* &nbsp;&nbsp;    95,00 \u20ac &nbsp; &nbsp; &nbsp; &nbsp; &nbsp; &nbsp; &nbsp; &nbsp; &nbsp; &nbsp; &nbsp; &nbsp; &nbsp; &nbsp;&nbsp;    95,00 \u20ac<\/span><br>Gesamt: &nbsp; &nbsp; &nbsp; &nbsp;&nbsp;&nbsp;&nbsp;&nbsp; 305,00 \u20ac &nbsp; &nbsp; &nbsp; &nbsp; &nbsp; &nbsp; &nbsp; &nbsp; &nbsp; &nbsp; &nbsp; &nbsp; &nbsp;&nbsp;&nbsp;&nbsp; 329,00 \u20ac<\/p>\n\n\n\n<p>*Die Unterkunft umfasst eine \u00dcbernachtung + Fr\u00fchst\u00fcck + Tagungspauschale. Falls keine \u00dcbernachtung gebucht wird, f\u00e4llt eine Tagungspauschale von 49,50 \u20ac pro Tag an. Darin enthalten sind f\u00fcnf Mittagessen incl. Getr\u00e4nke und Pausengetr\u00e4nke wie Tee oder Kaffee.<\/p>\n\n\n\n<p>Die Anreise wird am Vorabend bis 19.00 Uhr erwartet.<\/p>\n\n\n\n\n<div class=\"wpcf7 no-js\" id=\"wpcf7-f344-o1\" lang=\"de-DE\" dir=\"ltr\">\n<div class=\"screen-reader-response\"><p role=\"status\" aria-live=\"polite\" aria-atomic=\"true\"><\/p> <ul><\/ul><\/div>\n<form action=\"\/wordpress\/index.php?rest_route=%2Fwp%2Fv2%2Fpages%2F11331#wpcf7-f344-o1\" method=\"post\" class=\"wpcf7-form init\" aria-label=\"Kontaktformular\" novalidate=\"novalidate\" data-status=\"init\">\n<div style=\"display: none;\">\n<input type=\"hidden\" name=\"_wpcf7\" value=\"344\" \/>\n<input type=\"hidden\" name=\"_wpcf7_version\" value=\"5.9.8\" \/>\n<input type=\"hidden\" name=\"_wpcf7_locale\" value=\"de_DE\" \/>\n<input type=\"hidden\" name=\"_wpcf7_unit_tag\" value=\"wpcf7-f344-o1\" \/>\n<input type=\"hidden\" name=\"_wpcf7_container_post\" value=\"0\" \/>\n<input type=\"hidden\" name=\"_wpcf7_posted_data_hash\" value=\"\" \/>\n<input type=\"hidden\" name=\"_wpcf7_recaptcha_response\" value=\"\" \/>\n<\/div>\n<p><b>Seminardatum (nicht Anreisetag!) und Seminarname<br \/>\neintragen (Pflichtfeld)<\/b>\n<\/p>\n<p><span class=\"wpcf7-form-control-wrap\" data-name=\"Seminare24\"><select class=\"wpcf7-form-control wpcf7-select wpcf7-validates-as-required\" aria-required=\"true\" aria-invalid=\"false\" name=\"Seminare24\"><option value=\"\">&#8211; Bitte ausw\u00e4hlen &#8211;<\/option><option value=\"- Grundseminar Eigensicherung (Modul 1)\t03.02.2026 Siegen\">- Grundseminar Eigensicherung (Modul 1)\t03.02.2026 Siegen<\/option><option value=\"- Aufbauseminar Eigensicherung (Modul 2)\t04.02.2026 Siegen\">- Aufbauseminar Eigensicherung (Modul 2)\t04.02.2026 Siegen<\/option><option value=\"- Die Forderungspf\u00e4ndung, Arbeitseinkommen etc.\t04.03.2026 - 05.03.2026 Siegen\">- Die Forderungspf\u00e4ndung, Arbeitseinkommen etc.\t04.03.2026 - 05.03.2026 Siegen<\/option><option value=\"- Aufbauseminar Eigensicherung (Modul 2)\t10.03.2026 Siegen\">- Aufbauseminar Eigensicherung (Modul 2)\t10.03.2026 Siegen<\/option><option value=\"- Spezialseminar Eigensicherung (Modul 3)\t11.03.2026 Siegen\">- Spezialseminar Eigensicherung (Modul 3)\t11.03.2026 Siegen<\/option><option value=\"- Grundseminar f\u00fcr Vollziehungsbeamtinnen und -beamte 23.03.2026 \u2013 27.03.2026 S\u00fcdlohn\">- Grundseminar f\u00fcr Vollziehungsbeamtinnen und -beamte 23.03.2026 \u2013 27.03.2026 S\u00fcdlohn<\/option><option value=\"- Vollstreckung rund um den Nachlass 14.04.2026 Online\">- Vollstreckung rund um den Nachlass 14.04.2026 Online<\/option><option value=\"- Rechtsseminar zur Eigensicherung\t15.04.2026 Siegen\">- Rechtsseminar zur Eigensicherung\t15.04.2026 Siegen<\/option><option value=\"- Spezialseminar Eigensicherung (Modul 3)\t16.04.2026 Siegen\">- Spezialseminar Eigensicherung (Modul 3)\t16.04.2026 Siegen<\/option><option value=\"- Grundseminar Zwangsversteigerung\t22.04.2026 Siegen\">- Grundseminar Zwangsversteigerung\t22.04.2026 Siegen<\/option><option value=\"- Konflikte in der Vollstreckung\t23.04.2026 Siegen\">- Konflikte in der Vollstreckung\t23.04.2026 Siegen<\/option><option value=\"- Grundlagenseminar Insolvenz\t28.04.2026 S\u00fcdlohn\">- Grundlagenseminar Insolvenz\t28.04.2026 S\u00fcdlohn<\/option><option value=\"- Eigensicherung Modul 6 - Vertiefung der erlernten Modelle\t29.04. - 30.04.2026 Siegen\">- Eigensicherung Modul 6 - Vertiefung der erlernten Modelle\t29.04. - 30.04.2026 Siegen<\/option><option value=\"- Abnahme der Verm\u00f6gensauskunft\t06.05.2026 S\u00fcdlohn\">- Abnahme der Verm\u00f6gensauskunft\t06.05.2026 S\u00fcdlohn<\/option><option value=\"- Umgang mit extremistischen Personen am Bsp. Reichsb\u00fcrger\t07.05.2026 S\u00fcdlohn\">- Umgang mit extremistischen Personen am Bsp. Reichsb\u00fcrger\t07.05.2026 S\u00fcdlohn<\/option><option value=\"- Gl\u00e4ubigertaktik in der Zwangsvollstreckung 15.06.2026 Online\">- Gl\u00e4ubigertaktik in der Zwangsvollstreckung 15.06.2026 Online<\/option><option value=\"- Die Vollstreckung gegen Gesamtschuldner, Erbengemeinschaften etc.\t16.06.2026 S\u00fcdlohn\">- Die Vollstreckung gegen Gesamtschuldner, Erbengemeinschaften etc.\t16.06.2026 S\u00fcdlohn<\/option><option value=\"- Pf\u00e4ndung und Verwertung von Kraftfahrzeugen\t13.07.2026 S\u00fcdlohn\">- Pf\u00e4ndung und Verwertung von Kraftfahrzeugen\t13.07.2026 S\u00fcdlohn<\/option><option value=\"- Spielautomatenpf\u00e4ndung mit\/ohne Gewinnm\u00f6glichkeit\t14.07.2026 Siegen\">- Spielautomatenpf\u00e4ndung mit\/ohne Gewinnm\u00f6glichkeit\t14.07.2026 Siegen<\/option><option value=\"- Die Vollstreckung von Bu\u00dfgeldbescheiden 07.09.2026 Online\">- Die Vollstreckung von Bu\u00dfgeldbescheiden 07.09.2026 Online<\/option><option value=\"- Aufbauseminar Zwangsversteigerung\t24.09.2026 Siegen\">- Aufbauseminar Zwangsversteigerung\t24.09.2026 Siegen<\/option><option value=\"- Die T\u00fcr\u00f6ffnung \/ Wohnungsdurchsuchung\t01.10.2026 S\u00fcdlohn\">- Die T\u00fcr\u00f6ffnung \/ Wohnungsdurchsuchung\t01.10.2026 S\u00fcdlohn<\/option><option value=\"- Aktuelle Gesetzes\u00e4nderungen u. Fragen aus der Praxis\t05.10.2026 - 06.10.2026 Werne\">- Aktuelle Gesetzes\u00e4nderungen u. Fragen aus der Praxis\t05.10.2026 - 06.10.2026 Werne<\/option><option value=\"- Grundseminar Eigensicherung (Modul 1)\t07.10.2026 Siegen\">- Grundseminar Eigensicherung (Modul 1)\t07.10.2026 Siegen<\/option><option value=\"- Aufbauseminar Eigensicherung (Modul 2)\t08.10.2026 Siegen\">- Aufbauseminar Eigensicherung (Modul 2)\t08.10.2026 Siegen<\/option><option value=\"- Grundseminar f\u00fcr Vollziehungsbeamtinnen und -beamte 12.10.2026 \u2013 16.10.2026 S\u00fcdlohn\">- Grundseminar f\u00fcr Vollziehungsbeamtinnen und -beamte 12.10.2026 \u2013 16.10.2026 S\u00fcdlohn<\/option><option value=\"- Informationsgewinnung in der Vollstreckung\t03.11.2026 online\">- Informationsgewinnung in der Vollstreckung\t03.11.2026 online<\/option><option value=\"- Aufbauseminar Eigensicherung (Modul 2)\t10.11.2026 Siegen\">- Aufbauseminar Eigensicherung (Modul 2)\t10.11.2026 Siegen<\/option><option value=\"- Spezialseminar Eigensicherung (Modul 3)\t11.11.2026 Siegen\">- Spezialseminar Eigensicherung (Modul 3)\t11.11.2026 Siegen<\/option><option value=\"- Eigensicherung Modul 6 - Vertiefung der erlernten Modelle\t24.11. - 25.11.2026 Siegen\">- Eigensicherung Modul 6 - Vertiefung der erlernten Modelle\t24.11. - 25.11.2026 Siegen<\/option><\/select><\/span>\n<\/p>\n<p><b>Ihr Name (Pflichtfeld)<\/b>\n<\/p>\n<p><span class=\"wpcf7-form-control-wrap\" data-name=\"your-name\"><input size=\"40\" maxlength=\"400\" class=\"wpcf7-form-control wpcf7-text wpcf7-validates-as-required\" aria-required=\"true\" aria-invalid=\"false\" value=\"\" type=\"text\" name=\"your-name\" \/><\/span>\n<\/p>\n<p><b>Beh\u00f6rde (Pflichtfeld)<\/b>\n<\/p>\n<p><span class=\"wpcf7-form-control-wrap\" data-name=\"Behoerde\"><input size=\"40\" maxlength=\"400\" class=\"wpcf7-form-control wpcf7-text wpcf7-validates-as-required\" aria-required=\"true\" aria-invalid=\"false\" value=\"\" type=\"text\" name=\"Behoerde\" \/><\/span>\n<\/p>\n<p><b>Adresse der Beh\u00f6rde (Pflichtfeld)<\/b>\n<\/p>\n<p><span class=\"wpcf7-form-control-wrap\" data-name=\"BehoerdenadressePflichtfeld\"><input size=\"40\" maxlength=\"400\" class=\"wpcf7-form-control wpcf7-text wpcf7-validates-as-required\" aria-required=\"true\" aria-invalid=\"false\" value=\"\" type=\"text\" name=\"BehoerdenadressePflichtfeld\" \/><\/span>\n<\/p>\n<p><b>Ihre E-Mail-Adresse (Pflichtfeld)<\/b>\n<\/p>\n<p><span class=\"wpcf7-form-control-wrap\" data-name=\"your-email\"><input size=\"40\" maxlength=\"400\" class=\"wpcf7-form-control wpcf7-email wpcf7-validates-as-required wpcf7-text wpcf7-validates-as-email\" aria-required=\"true\" aria-invalid=\"false\" value=\"\" type=\"email\" name=\"your-email\" \/><\/span>\n<\/p>\n<p><b>Mitglied BDVZ (Pflichtfeld)<\/b>\n<\/p>\n<p><span class=\"wpcf7-form-control-wrap\" data-name=\"MitgliedBDVZ\"><select class=\"wpcf7-form-control wpcf7-select wpcf7-validates-as-required\" aria-required=\"true\" aria-invalid=\"false\" name=\"MitgliedBDVZ\"><option value=\"Ja\">Ja<\/option><option value=\"Nein\">Nein<\/option><\/select><\/span>\n<\/p>\n<p><b>\u00dcbernachtung (Pflichtfeld)<\/b>\n<\/p>\n<p><span class=\"wpcf7-form-control-wrap\" data-name=\"Uebernachtung\"><select class=\"wpcf7-form-control wpcf7-select wpcf7-validates-as-required\" aria-required=\"true\" aria-invalid=\"false\" name=\"Uebernachtung\"><option value=\"Ja\">Ja<\/option><option value=\"Nein\">Nein<\/option><\/select><\/span>\n<\/p>\n<p><b>Ich bin damit einverstanden, dass mein Name, Vorname und meine Dienststelle auf einer Teilnehmerliste im Vorfeld des Seminares an den Teilnehmerkreis versendet wird. (Pflichtfeld)<\/b>\n<\/p>\n<p><span class=\"wpcf7-form-control-wrap\" data-name=\"Datenschutzerklaerung\"><span class=\"wpcf7-form-control wpcf7-checkbox wpcf7-validates-as-required\"><span class=\"wpcf7-list-item first\"><span class=\"wpcf7-list-item-label\">Ja<\/span><input type=\"checkbox\" name=\"Datenschutzerklaerung[]\" value=\"Ja\" \/><\/span><span class=\"wpcf7-list-item last\"><span class=\"wpcf7-list-item-label\">Nein<\/span><input type=\"checkbox\" name=\"Datenschutzerklaerung[]\" value=\"Nein\" \/><\/span><\/span><\/span>\n<\/p>\n<p><b>Hiermit stimme ich den AGB's dieser Seite zu!<\/b>\n<\/p>\n<p><span class=\"wpcf7-form-control-wrap\" data-name=\"AGB\"><span class=\"wpcf7-form-control wpcf7-checkbox wpcf7-validates-as-required\"><span class=\"wpcf7-list-item first last\"><span class=\"wpcf7-list-item-label\">Ich stimme zu<\/span><input type=\"checkbox\" name=\"AGB[]\" value=\"Ich stimme zu\" \/><\/span><\/span><\/span>\n<\/p>\n<p><b>Ihre Nachricht\/Anmerkungen<\/b>\n<\/p>\n<p><span class=\"wpcf7-form-control-wrap\" data-name=\"your-message\"><textarea cols=\"40\" rows=\"10\" maxlength=\"2000\" class=\"wpcf7-form-control wpcf7-textarea\" aria-invalid=\"false\" name=\"your-message\"><\/textarea><\/span>\n<\/p>\n<p><input class=\"wpcf7-form-control wpcf7-submit has-spinner\" type=\"submit\" value=\"Senden\" \/>\n<\/p><div class=\"wpcf7-response-output\" aria-hidden=\"true\"><\/div>\n<\/form>\n<\/div>\n\n","protected":false},"excerpt":{"rendered":"<p>Vollstreckung gegen Gesamtschuldner,Erbengemeinschaften, Vereine und FirmenDie Auswirkung des Gesetzes zur Modernisierung des Personengesellschaftsrecht zum 01.01.2024 auf die Vollstreckung 16. Juni 2026 Seminarinhalte Die Vollstreckung gegen Personenmehrheiten, Erben und Erbengemeinschaften, Vereine und Firmen sowie die Fragen der Haftung f\u00fcr eine Forderung bzw. einer Duldungspflicht bereiten in der Praxis oft erhebliche Schwierigkeiten. Dies h\u00e4ngt zum einen damit &hellip; <a href=\"https:\/\/www.bdvz-nrw.de\/wordpress\/?page_id=11331\" class=\"more-link\"><span class=\"screen-reader-text\">Vollstreckung gegen Gesamtschuldner<\/span> weiterlesen <span class=\"meta-nav\">&rarr;<\/span><\/a><\/p>\n","protected":false},"author":1,"featured_media":0,"parent":0,"menu_order":0,"comment_status":"closed","ping_status":"closed","template":"","meta":{"footnotes":""},"class_list":["post-11331","page","type-page","status-publish","hentry"],"_links":{"self":[{"href":"https:\/\/www.bdvz-nrw.de\/wordpress\/index.php?rest_route=\/wp\/v2\/pages\/11331","targetHints":{"allow":["GET"]}}],"collection":[{"href":"https:\/\/www.bdvz-nrw.de\/wordpress\/index.php?rest_route=\/wp\/v2\/pages"}],"about":[{"href":"https:\/\/www.bdvz-nrw.de\/wordpress\/index.php?rest_route=\/wp\/v2\/types\/page"}],"author":[{"embeddable":true,"href":"https:\/\/www.bdvz-nrw.de\/wordpress\/index.php?rest_route=\/wp\/v2\/users\/1"}],"replies":[{"embeddable":true,"href":"https:\/\/www.bdvz-nrw.de\/wordpress\/index.php?rest_route=%2Fwp%2Fv2%2Fcomments&post=11331"}],"version-history":[{"count":4,"href":"https:\/\/www.bdvz-nrw.de\/wordpress\/index.php?rest_route=\/wp\/v2\/pages\/11331\/revisions"}],"predecessor-version":[{"id":12227,"href":"https:\/\/www.bdvz-nrw.de\/wordpress\/index.php?rest_route=\/wp\/v2\/pages\/11331\/revisions\/12227"}],"wp:attachment":[{"href":"https:\/\/www.bdvz-nrw.de\/wordpress\/index.php?rest_route=%2Fwp%2Fv2%2Fmedia&parent=11331"}],"curies":[{"name":"wp","href":"https:\/\/api.w.org\/{rel}","templated":true}]}}