{"id":12,"date":"2014-09-09T16:54:36","date_gmt":"2014-09-09T16:54:36","guid":{"rendered":"http:\/\/vollstreckung.low-foodblogger.de\/?page_id=12"},"modified":"2026-04-30T12:09:18","modified_gmt":"2026-04-30T12:09:18","slug":"seminare-und-termine","status":"publish","type":"page","link":"https:\/\/www.bdvz-nrw.de\/wordpress\/?page_id=12","title":{"rendered":"Seminare 2026"},"content":{"rendered":"<p class=\"auto-style26\">Durch den Besuch unserer Seminare, bekommt der Vollziehungsbeamte oder die Vollziehungsbeamtin die M\u00f6glichkeit, im Rahmen der Aus- und Weiterbildung die Vollstreckung\u00a0zeitnah und effizienter durchzuf\u00fchren.<\/p>\n<p class=\"style1\">Daher ist der regelm\u00e4\u00dfige Besuch eines Seminars wichtig und bringt somit den Erfolg\u00a0in der Zwangsvollstreckung!<\/p>\n<p>Wer sich nicht \u00fcber unsere Onlineanmeldungsm\u00f6glichkeit zu den gew\u00fcnschten Seminaren anmelden m\u00f6chte, der kann sich \u00fcber den folgenden Link die Anmeldung ausdrucken und wie gehabt zu uns schicken.<\/p>\n<p><strong>Bei Fragen zu den einzelnen Seminaren und zur Anmeldung senden Sie bitte eine E-Mail an die bekannten E-Mail-Adressen.<\/strong><\/p>\n<h5>Seminare 2026 + Anmeldung \u00a0 \u00a0 \u00a0 \u00a0 \u00a0 \u00a0 \u00a0 \u00a0 <a href=\"http:\/\/www.bdvz-nrw.de\/wordpress\/wp-content\/uploads\/Seminarheft-2026-1-1.pdf\"><img loading=\"lazy\" decoding=\"async\" class=\"alignnone wp-image-332\" src=\"http:\/\/www.bdvz-nrw.de\/wordpress\/wp-content\/uploads\/2014\/09\/filetype_pdf.jpg\" alt=\"filetype_pdf\" width=\"36\" height=\"36\" \/><\/a><\/h5>\n\n\n<p><\/p>\n","protected":false},"excerpt":{"rendered":"<p>Durch den Besuch unserer Seminare, bekommt der Vollziehungsbeamte oder die Vollziehungsbeamtin die M\u00f6glichkeit, im Rahmen der Aus- und Weiterbildung die Vollstreckung\u00a0zeitnah und effizienter durchzuf\u00fchren. Daher ist der regelm\u00e4\u00dfige Besuch eines Seminars wichtig und bringt somit den Erfolg\u00a0in der Zwangsvollstreckung! Wer sich nicht \u00fcber unsere Onlineanmeldungsm\u00f6glichkeit zu den gew\u00fcnschten Seminaren anmelden m\u00f6chte, der kann sich \u00fcber &hellip; <a href=\"https:\/\/www.bdvz-nrw.de\/wordpress\/?page_id=12\" class=\"more-link\"><span class=\"screen-reader-text\">Seminare 2026<\/span> weiterlesen <span class=\"meta-nav\">&rarr;<\/span><\/a><\/p>\n","protected":false},"author":1,"featured_media":0,"parent":0,"menu_order":30,"comment_status":"closed","ping_status":"closed","template":"","meta":{"footnotes":""},"class_list":["post-12","page","type-page","status-publish","hentry"],"_links":{"self":[{"href":"https:\/\/www.bdvz-nrw.de\/wordpress\/index.php?rest_route=\/wp\/v2\/pages\/12","targetHints":{"allow":["GET"]}}],"collection":[{"href":"https:\/\/www.bdvz-nrw.de\/wordpress\/index.php?rest_route=\/wp\/v2\/pages"}],"about":[{"href":"https:\/\/www.bdvz-nrw.de\/wordpress\/index.php?rest_route=\/wp\/v2\/types\/page"}],"author":[{"embeddable":true,"href":"https:\/\/www.bdvz-nrw.de\/wordpress\/index.php?rest_route=\/wp\/v2\/users\/1"}],"replies":[{"embeddable":true,"href":"https:\/\/www.bdvz-nrw.de\/wordpress\/index.php?rest_route=%2Fwp%2Fv2%2Fcomments&post=12"}],"version-history":[{"count":52,"href":"https:\/\/www.bdvz-nrw.de\/wordpress\/index.php?rest_route=\/wp\/v2\/pages\/12\/revisions"}],"predecessor-version":[{"id":12247,"href":"https:\/\/www.bdvz-nrw.de\/wordpress\/index.php?rest_route=\/wp\/v2\/pages\/12\/revisions\/12247"}],"wp:attachment":[{"href":"https:\/\/www.bdvz-nrw.de\/wordpress\/index.php?rest_route=%2Fwp%2Fv2%2Fmedia&parent=12"}],"curies":[{"name":"wp","href":"https:\/\/api.w.org\/{rel}","templated":true}]}}