{"id":32,"date":"2014-09-09T20:02:52","date_gmt":"2014-09-09T18:02:52","guid":{"rendered":"http:\/\/vollstreckung.low-foodblogger.de\/?page_id=32"},"modified":"2025-08-06T16:49:10","modified_gmt":"2025-08-06T16:49:10","slug":"hilfreiche-links","status":"publish","type":"page","link":"https:\/\/www.bdvz-nrw.de\/wordpress\/?page_id=32","title":{"rendered":"Hilfreiche Links"},"content":{"rendered":"<p><strong>F\u00fcr den Inhalt der gelinkten Seiten sind die Eigent\u00fcmer selbst verantwortlich. Im juristischen Sinne distanzieren wir uns von allen Inhalten und Gestaltungen\u00a0und die Inhalte der anderen verwiesenen Seiten.<\/strong><span class=\"Apple-converted-space\"><strong>\u00a0<\/strong><\/span><strong>Landgericht Hamburg vom 12.Mai 1998 AZ:312 O 85\/98<\/strong><\/p>\n<ul>\n<li><a href=\"https:\/\/www.recht.bund.de\/bgbl\/1\/2025\/110\/VO.html\">Pf\u00e4ndungsfreigrenzenbekanntmachung<\/a><\/li>\n<li><a class=\"auto-style41\" href=\"https:\/\/www.hotel-nagel.de\/\" target=\"_blank\" rel=\"nofollow noopener noreferrer\">Seminar-Hotel Nagel in S\u00fcdlohn<\/a><\/li>\n<li><a class=\"auto-style47\" href=\"http:\/\/www.heimatverein-suedlohn.de\/index.php\/ueber-suedlohn-und-oeding\/historische-bauwerke\/bauwerke-in-suedlohn\/haus-wilmers\/\" target=\"_blank\" rel=\"nofollow noopener noreferrer\"><span class=\"auto-style36\">Seminartagungsst\u00e4tte Haus Wilmers in S\u00fcdlohn<\/span><\/a><\/li>\n<li><a href=\"https:\/\/hotel-siegen.dorint.com\/de\/\"><span class=\"auto-style47\"><span class=\"auto-style36\">Seminar-Hotel Dorint Parkhotel Siegen<\/span><\/span><\/a><\/li>\n<li><a href=\"https:\/\/www.Hotel-Am-Kloster.de\">Seminar-Hotel Werne<\/a><\/li>\n<li><a class=\"auto-style47\" href=\"http:\/\/www.kassenverwalter.de\/\" target=\"_blank\" rel=\"nofollow noopener noreferrer\"><span class=\"auto-style36\">Fachverband der Kassenverwalter-NRW<\/span><\/a><\/li>\n<li><a class=\"auto-style47\" href=\"https:\/\/www.insolvenzbekanntmachungen.de\/\" target=\"_blank\" rel=\"nofollow noopener noreferrer\"><span class=\"auto-style36\">Online-Datenbank f\u00fcr Insolvenzen<\/span><\/a><\/li>\n<li><a class=\"auto-style47\" href=\"https:\/\/www.handelsregister.de\/rp_web\/welcome.do\" target=\"_blank\" rel=\"nofollow noopener noreferrer\"><span class=\"auto-style36\">Handelsregister.de<\/span><\/a><\/li>\n<li><a class=\"auto-style47\" href=\"https:\/\/www.kgst.de\/\" target=\"_blank\" rel=\"nofollow noopener noreferrer\"><span class=\"auto-style36\">KGst<\/span><\/a><\/li>\n<li><a class=\"auto-style47\" href=\"https:\/\/recht.nrw.de\/lmi\/owa\/br_start\" target=\"_blank\" rel=\"nofollow noopener noreferrer\"><span class=\"auto-style36\">Landesrecht-NRW<\/span><\/a><\/li>\n<li><a class=\"auto-style47\" href=\"http:\/\/www.brief-siegel.de\/\" target=\"_blank\" rel=\"nofollow noopener noreferrer\"><span class=\"auto-style36\">Brief und Siegel Verlag<\/span><\/a><\/li>\n<li><a class=\"auto-style47\" href=\"http:\/\/parkkralle.de\/\" target=\"_blank\" rel=\"nofollow noopener noreferrer\"><span class=\"auto-style36\">Parkkralle<\/span><\/a><\/li>\n<li><a class=\"auto-style47\" href=\"http:\/\/www.bmjv.de\/DE\/Themen\/Verbraucherschutz\/Insolvenzrecht\/insolvenzrecht_node.html\" target=\"_blank\" rel=\"nofollow noopener noreferrer\"><span class=\"auto-style36\">Insolvenzrecht<\/span><\/a><\/li>\n<li><a class=\"auto-style47\" href=\"http:\/\/www.bdvz-sh.de\/\" target=\"_blank\" rel=\"nofollow noopener noreferrer\"><span class=\"auto-style36\">Verband der Vollziehungsbeamten in Schleswig-Holstein<\/span><\/a><\/li>\n<li><a class=\"auto-style47\" href=\"http:\/\/www.lvvb-mv.de\/\" target=\"_blank\" rel=\"nofollow noopener noreferrer\"><span class=\"auto-style36\">Verband der Vollziehungsbeamten in Mecklenburg-Vorpommern<\/span><\/a><\/li>\n<li><a class=\"auto-style47\" href=\"http:\/\/www.vollstreckungsbeamte-rlp.de\/\" target=\"_blank\" rel=\"nofollow noopener noreferrer\"><span class=\"auto-style36\">Verband der Vollziehungsbeamten in Rheinland-Pfalz<\/span><\/a><\/li>\n<li><a class=\"auto-style47\" href=\"http:\/\/www.vollstreckung-bw.de\/index.html\" target=\"_blank\" rel=\"nofollow noopener noreferrer\"><span class=\"auto-style36\">Verband der Vollziehungsbeamten in Baden-W\u00fcrttemberg<\/span><\/a><\/li>\n<li><a class=\"auto-style47\" href=\"http:\/\/www.zoll-auktion.de\/auktion\/\" target=\"_blank\" rel=\"nofollow noopener noreferrer\"><span class=\"auto-style36\">Zollauktion<\/span><\/a><\/li>\n<li><a class=\"auto-style47\" href=\"https:\/\/www.online-mahnantrag.de\/omahn\/Mahnantrag?_ts=5630298-1402033030727&amp;Command=start\" target=\"_blank\" rel=\"nofollow noopener noreferrer\"><span class=\"auto-style36\">Mahnantrag<\/span><\/a><\/li>\n<li><a class=\"auto-style41\" href=\"http:\/\/www.rundfunkbeitrag.de\/\" target=\"_blank\" rel=\"nofollow noopener noreferrer\">Der neue Rundfunkbeitrag<\/a><\/li>\n<li><a href=\"http:\/\/www.kostenlose-urteile.de\/\">Kostenlose-Urteile.de<\/a><\/li>\n<\/ul>\n","protected":false},"excerpt":{"rendered":"<p>F\u00fcr den Inhalt der gelinkten Seiten sind die Eigent\u00fcmer selbst verantwortlich. Im juristischen Sinne distanzieren wir uns von allen Inhalten und Gestaltungen\u00a0und die Inhalte der anderen verwiesenen Seiten.\u00a0Landgericht Hamburg vom 12.Mai 1998 AZ:312 O 85\/98 Pf\u00e4ndungsfreigrenzenbekanntmachung Seminar-Hotel Nagel in S\u00fcdlohn Seminartagungsst\u00e4tte Haus Wilmers in S\u00fcdlohn Seminar-Hotel Dorint Parkhotel Siegen Seminar-Hotel Werne Fachverband der Kassenverwalter-NRW Online-Datenbank &hellip; <a href=\"https:\/\/www.bdvz-nrw.de\/wordpress\/?page_id=32\" class=\"more-link\"><span class=\"screen-reader-text\">Hilfreiche Links<\/span> weiterlesen <span class=\"meta-nav\">&rarr;<\/span><\/a><\/p>\n","protected":false},"author":1,"featured_media":0,"parent":0,"menu_order":60,"comment_status":"closed","ping_status":"open","template":"","meta":{"footnotes":""},"class_list":["post-32","page","type-page","status-publish","hentry"],"_links":{"self":[{"href":"https:\/\/www.bdvz-nrw.de\/wordpress\/index.php?rest_route=\/wp\/v2\/pages\/32","targetHints":{"allow":["GET"]}}],"collection":[{"href":"https:\/\/www.bdvz-nrw.de\/wordpress\/index.php?rest_route=\/wp\/v2\/pages"}],"about":[{"href":"https:\/\/www.bdvz-nrw.de\/wordpress\/index.php?rest_route=\/wp\/v2\/types\/page"}],"author":[{"embeddable":true,"href":"https:\/\/www.bdvz-nrw.de\/wordpress\/index.php?rest_route=\/wp\/v2\/users\/1"}],"replies":[{"embeddable":true,"href":"https:\/\/www.bdvz-nrw.de\/wordpress\/index.php?rest_route=%2Fwp%2Fv2%2Fcomments&post=32"}],"version-history":[{"count":15,"href":"https:\/\/www.bdvz-nrw.de\/wordpress\/index.php?rest_route=\/wp\/v2\/pages\/32\/revisions"}],"predecessor-version":[{"id":12100,"href":"https:\/\/www.bdvz-nrw.de\/wordpress\/index.php?rest_route=\/wp\/v2\/pages\/32\/revisions\/12100"}],"wp:attachment":[{"href":"https:\/\/www.bdvz-nrw.de\/wordpress\/index.php?rest_route=%2Fwp%2Fv2%2Fmedia&parent=32"}],"curies":[{"name":"wp","href":"https:\/\/api.w.org\/{rel}","templated":true}]}}