{"id":513,"date":"2015-02-24T12:21:11","date_gmt":"2015-02-24T12:21:11","guid":{"rendered":"http:\/\/www.bdvz-nrw.de\/wordpress\/?page_id=513"},"modified":"2015-02-24T12:22:55","modified_gmt":"2015-02-24T12:22:55","slug":"verabschiedung-von-karl-ratschmann","status":"publish","type":"page","link":"https:\/\/www.bdvz-nrw.de\/wordpress\/?page_id=513","title":{"rendered":"Verabschiedung von Karl Ratschmann"},"content":{"rendered":"<p style=\"text-align: center;\"><strong>Impressionen der Landesarbeitstagung 2014 und die Verabschiedung unseres langj\u00e4hrigen Landesvorsitzenden Karl Ratschmann<\/strong><\/p>\n<p style=\"text-align: center;\"><a href=\"http:\/\/www.bdvz-nrw.de\/wordpress\/wp-content\/uploads\/2014\/11\/Bild3.jpg\"><img loading=\"lazy\" decoding=\"async\" class=\"alignnone size-medium wp-image-365\" src=\"http:\/\/www.bdvz-nrw.de\/wordpress\/wp-content\/uploads\/2014\/11\/Bild3-227x300.jpg\" alt=\"Bild3\" width=\"227\" height=\"300\" srcset=\"https:\/\/www.bdvz-nrw.de\/wordpress\/wp-content\/uploads\/2014\/11\/Bild3-227x300.jpg 227w, https:\/\/www.bdvz-nrw.de\/wordpress\/wp-content\/uploads\/2014\/11\/Bild3.jpg 486w\" sizes=\"auto, (max-width: 227px) 100vw, 227px\" \/><\/a> <a href=\"http:\/\/www.bdvz-nrw.de\/wordpress\/wp-content\/uploads\/2014\/11\/Bild2.jpg\"><img loading=\"lazy\" decoding=\"async\" class=\"alignnone size-medium wp-image-364\" src=\"http:\/\/www.bdvz-nrw.de\/wordpress\/wp-content\/uploads\/2014\/11\/Bild2-225x300.jpg\" alt=\"Bild2\" width=\"225\" height=\"300\" srcset=\"https:\/\/www.bdvz-nrw.de\/wordpress\/wp-content\/uploads\/2014\/11\/Bild2-225x300.jpg 225w, https:\/\/www.bdvz-nrw.de\/wordpress\/wp-content\/uploads\/2014\/11\/Bild2.jpg 480w\" sizes=\"auto, (max-width: 225px) 100vw, 225px\" \/><\/a> <a href=\"http:\/\/www.bdvz-nrw.de\/wordpress\/wp-content\/uploads\/2014\/11\/Bild1.jpg\"><img loading=\"lazy\" decoding=\"async\" class=\"alignnone size-medium wp-image-363\" src=\"http:\/\/www.bdvz-nrw.de\/wordpress\/wp-content\/uploads\/2014\/11\/Bild1-225x300.jpg\" alt=\"Bild1\" width=\"225\" height=\"300\" srcset=\"https:\/\/www.bdvz-nrw.de\/wordpress\/wp-content\/uploads\/2014\/11\/Bild1-225x300.jpg 225w, https:\/\/www.bdvz-nrw.de\/wordpress\/wp-content\/uploads\/2014\/11\/Bild1.jpg 480w\" sizes=\"auto, (max-width: 225px) 100vw, 225px\" \/><\/a><\/p>\n<p style=\"text-align: center;\">Auf vielfachen Wunsch erfolgt nun die Ver\u00f6ffentlichung des Liedtextes zum Abschied von Karl Ratschmann:<\/p>\n<p style=\"text-align: center;\"><em>Pf\u00e4ndungsfrei durch den Tag<\/em><\/p>\n<p style=\"text-align: center;\"><em>jahrelang zog er um die H\u00e4user der Stadt,<\/em><br \/>\n<em>er war ein Beamter und wie daf\u00fcr gemacht,<\/em><\/p>\n<p style=\"text-align: center;\"><em>der Karl, war gut<\/em><\/p>\n<p style=\"text-align: center;\"><em>er war ein Vollstrecker, das Herz am rechten Fleck,<\/em><br \/>\n<em>doch er hat gepf\u00e4ndet, manchen Kuckuck geklebt<\/em><\/p>\n<p style=\"text-align: center;\"><em>und auch, belehrt<\/em><\/p>\n<p style=\"text-align: center;\"><em>manches widerstrebte ihm und doch mu\u00dfte er es machen<\/em><br \/>\n<em>doch in dem Beruf hilft nichts, gab es nichts zum lachen<\/em><\/p>\n<p style=\"text-align: center;\"><em>Ref.: Pf\u00e4nden war sein Beruf, keiner wei\u00df wer ihn schuf<\/em><br \/>\n<em> \u00f6fter war es nicht sch\u00f6n, manchmal musste er einfach gehn<\/em><br \/>\n<em> Ding dong machts an der T\u00fcr, der Vollstrecker steht vor dir<\/em><br \/>\n<em> schaust du durch dein Spion, was jetzt kommt weisst du schon <\/em><\/p>\n<p style=\"text-align: center;\"><em>Was er pf\u00e4nden musste, waren sch\u00f6ne Sachen,<\/em><br \/>\n<em> die den Menschen Freude machen <\/em><br \/>\n<em> manche Leute haben den Kopf so durch den Wind<\/em><br \/>\n<em> dass sie auch vergessen, dass Steuern f\u00e4llig sind <\/em><\/p>\n<p style=\"text-align: center;\"><em>jetzt ist doch der Karl, gar nicht mehr im Beruf<\/em><br \/>\n<em>er ist im Ruhestand, verdammt wer ihn schuf<\/em><\/p>\n<p style=\"text-align: center;\"><em>denn er, war gut<\/em><\/p>\n<p style=\"text-align: center;\"><em>per Flugzeug oder Schiff, reist er jetzt um die Welt<\/em><br \/>\n<em>und macht nun ganz einfach, dass was ihm gef\u00e4llt<\/em><\/p>\n<p style=\"text-align: center;\"><em>der Karl, hat Mut<\/em><\/p>\n<p style=\"text-align: center;\"><em>manches widerstrebt ihm doch, gro\u00dfe Freiheit pur hat er,<\/em><br \/>\n<em>er reist um die Welt, denn jetzt,&#8230; sein Ziel ist nun das Meer<\/em><\/p>\n<p style=\"text-align: center;\"><em>Ref. Pf\u00e4ndungsfrei ist sein Tag, niemand wei\u00df ob er das mag<\/em><br \/>\n<em> ach wie war es doch sch\u00f6n, konnte er um die H\u00e4user ziehn<\/em><\/p>\n<p style=\"text-align: center;\"><em> Was er pf\u00e4nden musste, waren sch\u00f6ne Sachen,<\/em><br \/>\n<em> die den Menschen Freude machen <\/em><br \/>\n<em> manche Leute haben den Kopf so durch den Wind<\/em><br \/>\n<em> dass sie auch vergessen, dass Steuern f\u00e4llig sind<\/em><\/p>\n<p style=\"text-align: center;\"><em>PF\u00c4NDUNGSFREI&#8230;&#8230;<\/em><\/p>\n<p style=\"text-align: center;\"><em>Pensioniert wie sein Kuckuck<\/em><\/p>\n<p style=\"text-align: center;\"><em>Ref.: jetzt macht er nicht mehr ding dong, sein Kuckuck nicht relevant<\/em><br \/>\n<em> pensioniert so wie er, sein Kuckuck, &#8220; Der&#8220; klebt nicht mehr<\/em><\/p>\n<p style=\"text-align: center;\"><em> Was er pf\u00e4nden musste, waren sch\u00f6ne Sachen,<\/em><br \/>\n<em> die den Menschen Freude machen <\/em><br \/>\n<em> manche Leute haben den Kopf so durch den Wind<\/em><br \/>\n<em> dass sie auch vergessen, dass Steuern f\u00e4llig sind<\/em><\/p>\n<p style=\"text-align: center;\"><em>PF\u00c4NDUNGSFREI&#8230;&#8230;<\/em><\/p>\n","protected":false},"excerpt":{"rendered":"<p>Impressionen der Landesarbeitstagung 2014 und die Verabschiedung unseres langj\u00e4hrigen Landesvorsitzenden Karl Ratschmann Auf vielfachen Wunsch erfolgt nun die Ver\u00f6ffentlichung des Liedtextes zum Abschied von Karl Ratschmann: Pf\u00e4ndungsfrei durch den Tag jahrelang zog er um die H\u00e4user der Stadt, er war ein Beamter und wie daf\u00fcr gemacht, der Karl, war gut er war ein Vollstrecker, das &hellip; <a href=\"https:\/\/www.bdvz-nrw.de\/wordpress\/?page_id=513\" class=\"more-link\"><span class=\"screen-reader-text\">Verabschiedung von Karl Ratschmann<\/span> weiterlesen <span class=\"meta-nav\">&rarr;<\/span><\/a><\/p>\n","protected":false},"author":1,"featured_media":0,"parent":74,"menu_order":0,"comment_status":"open","ping_status":"open","template":"","meta":{"footnotes":""},"class_list":["post-513","page","type-page","status-publish","hentry"],"_links":{"self":[{"href":"https:\/\/www.bdvz-nrw.de\/wordpress\/index.php?rest_route=\/wp\/v2\/pages\/513","targetHints":{"allow":["GET"]}}],"collection":[{"href":"https:\/\/www.bdvz-nrw.de\/wordpress\/index.php?rest_route=\/wp\/v2\/pages"}],"about":[{"href":"https:\/\/www.bdvz-nrw.de\/wordpress\/index.php?rest_route=\/wp\/v2\/types\/page"}],"author":[{"embeddable":true,"href":"https:\/\/www.bdvz-nrw.de\/wordpress\/index.php?rest_route=\/wp\/v2\/users\/1"}],"replies":[{"embeddable":true,"href":"https:\/\/www.bdvz-nrw.de\/wordpress\/index.php?rest_route=%2Fwp%2Fv2%2Fcomments&post=513"}],"version-history":[{"count":1,"href":"https:\/\/www.bdvz-nrw.de\/wordpress\/index.php?rest_route=\/wp\/v2\/pages\/513\/revisions"}],"predecessor-version":[{"id":514,"href":"https:\/\/www.bdvz-nrw.de\/wordpress\/index.php?rest_route=\/wp\/v2\/pages\/513\/revisions\/514"}],"up":[{"embeddable":true,"href":"https:\/\/www.bdvz-nrw.de\/wordpress\/index.php?rest_route=\/wp\/v2\/pages\/74"}],"wp:attachment":[{"href":"https:\/\/www.bdvz-nrw.de\/wordpress\/index.php?rest_route=%2Fwp%2Fv2%2Fmedia&parent=513"}],"curies":[{"name":"wp","href":"https:\/\/api.w.org\/{rel}","templated":true}]}}