{"id":576,"date":"2015-09-11T09:24:11","date_gmt":"2015-09-11T09:24:11","guid":{"rendered":"http:\/\/www.bdvz-nrw.de\/wordpress\/?page_id=576"},"modified":"2015-09-15T06:47:26","modified_gmt":"2015-09-15T06:47:26","slug":"gericht-stellt-fest","status":"publish","type":"page","link":"https:\/\/www.bdvz-nrw.de\/wordpress\/?page_id=576","title":{"rendered":"Gericht stellt fest&#8230;"},"content":{"rendered":"<header class=\"entry-header\">\n<h1 class=\"entry-title\"><a href=\"http:\/\/justillon.de\/\"><img decoding=\"async\" class=\"header-logo skew\" src=\"http:\/\/justillon.de\/wp-content\/themes\/twentytwelvechild\/logo.png\" alt=\"\" \/><\/a><\/h1>\n<h1 class=\"entry-title\"><\/h1>\n<h1 class=\"entry-title\">Gericht stellt fest: \u201cEine kommissarische Reichsregierung gibt es ebenso wenig, wie die Erde eine Scheibe ist\u201d<\/h1>\n<div class=\"comments-link\">Ver\u00f6ffentlicht am <a title=\"10:00\" href=\"http:\/\/justillon.de\/2015\/03\/gericht-stellt-fest-eine-kommissarische-reichsregierung-gibt-es-ebenso-wenig-wie-die-erde-eine-scheibe-ist\/\" rel=\"bookmark\"><time class=\"entry-date\" datetime=\"2015-03-25T10:00:14+00:00\">25. M\u00e4rz 2015<\/time><\/a><span class=\"by-author\"> von <span class=\"author vcard\"><a class=\"url fn n\" title=\"Zeige alle Artikel von Stephan Weinberger\" href=\"http:\/\/justillon.de\/author\/s-weinberger\/\" rel=\"author\">Stephan Weinberger<\/a><\/span><\/span> \u00a0 <a class=\"entry-meta\" href=\"http:\/\/justillon.de\/2015\/03\/gericht-stellt-fest-eine-kommissarische-reichsregierung-gibt-es-ebenso-wenig-wie-die-erde-eine-scheibe-ist\/#comments\"><i class=\"fa fa-comments-o\"><\/i> 1 Antwort<\/a><\/div>\n<\/header>\n<div class=\"entry-content\"><img loading=\"lazy\" decoding=\"async\" class=\"titelbild wp-post-image\" src=\"http:\/\/justillon.de\/wp-content\/uploads\/2014\/08\/1408843266.jpg\" alt=\"1408843266\" width=\"300\" height=\"166\" \/><\/div>\n<div class=\"entry-content\">Die Anh\u00e4nger der sog. Reichsb\u00fcrger, welche die Existenz Deutschlands mit surrealen Rechtsausf\u00fchrungen bestreiten, sorgen immer wieder f\u00fcr lesenswerte Gerichtsentscheidungen.Das Amtsgerichts Duisburg als Vollstreckungsgericht musste sich Anfang 2006 mit einem Rechtsmittel gegen eine angeordnete Zwangsvollstreckung auseinandersetzen.<span id=\"more-1238\"><\/span> Ob der 1960 geborene Mann schon zuvor ein sog. Reichsb\u00fcrger war oder angesichts der drohenden Vollstreckung \u201cimmigrierte\u201d l\u00e4sst sich leider nicht feststellen. Fest steht aber, dass die Versteigerung seines Grundst\u00fccks angeordnet war, ein erster Termin verlief ohne erfolgreiches Gebot, so dass der Mann seine Chance sah, einen zweiten Versteigerungstermin zu verhindern.<\/div>\n<div class=\"entry-content\"><em>Interessant? Dann klick den gr\u00fcnen Button!<\/em> \u00a0\u00a0 <a title=\"Erweiterungsseminar zur Eigensicherung\" href=\"http:\/\/justillon.de\/2015\/03\/gericht-stellt-fest-eine-kommissarische-reichsregierung-gibt-es-ebenso-wenig-wie-die-erde-eine-scheibe-ist\/\"><img loading=\"lazy\" decoding=\"async\" class=\"alignnone  wp-image-153\" src=\"http:\/\/www.bdvz-nrw.de\/wordpress\/wp-content\/uploads\/2014\/10\/play_green_round_button_4218.jpg\" alt=\"Button\" width=\"42\" height=\"42\" srcset=\"https:\/\/www.bdvz-nrw.de\/wordpress\/wp-content\/uploads\/2014\/10\/play_green_round_button_4218.jpg 256w, https:\/\/www.bdvz-nrw.de\/wordpress\/wp-content\/uploads\/2014\/10\/play_green_round_button_4218-150x150.jpg 150w\" sizes=\"auto, (max-width: 42px) 100vw, 42px\" \/><\/a><\/div>\n<div class=\"entry-content\"><\/div>\n","protected":false},"excerpt":{"rendered":"<p>Gericht stellt fest: \u201cEine kommissarische Reichsregierung gibt es ebenso wenig, wie die Erde eine Scheibe ist\u201d Ver\u00f6ffentlicht am 25. M\u00e4rz 2015 von Stephan Weinberger \u00a0 1 Antwort Die Anh\u00e4nger der sog. Reichsb\u00fcrger, welche die Existenz Deutschlands mit surrealen Rechtsausf\u00fchrungen bestreiten, sorgen immer wieder f\u00fcr lesenswerte Gerichtsentscheidungen.Das Amtsgerichts Duisburg als Vollstreckungsgericht musste sich Anfang 2006 mit &hellip; <a href=\"https:\/\/www.bdvz-nrw.de\/wordpress\/?page_id=576\" class=\"more-link\"><span class=\"screen-reader-text\">Gericht stellt fest&#8230;<\/span> weiterlesen <span class=\"meta-nav\">&rarr;<\/span><\/a><\/p>\n","protected":false},"author":1,"featured_media":0,"parent":573,"menu_order":134,"comment_status":"open","ping_status":"closed","template":"","meta":{"footnotes":""},"class_list":["post-576","page","type-page","status-publish","hentry"],"_links":{"self":[{"href":"https:\/\/www.bdvz-nrw.de\/wordpress\/index.php?rest_route=\/wp\/v2\/pages\/576","targetHints":{"allow":["GET"]}}],"collection":[{"href":"https:\/\/www.bdvz-nrw.de\/wordpress\/index.php?rest_route=\/wp\/v2\/pages"}],"about":[{"href":"https:\/\/www.bdvz-nrw.de\/wordpress\/index.php?rest_route=\/wp\/v2\/types\/page"}],"author":[{"embeddable":true,"href":"https:\/\/www.bdvz-nrw.de\/wordpress\/index.php?rest_route=\/wp\/v2\/users\/1"}],"replies":[{"embeddable":true,"href":"https:\/\/www.bdvz-nrw.de\/wordpress\/index.php?rest_route=%2Fwp%2Fv2%2Fcomments&post=576"}],"version-history":[{"count":13,"href":"https:\/\/www.bdvz-nrw.de\/wordpress\/index.php?rest_route=\/wp\/v2\/pages\/576\/revisions"}],"predecessor-version":[{"id":594,"href":"https:\/\/www.bdvz-nrw.de\/wordpress\/index.php?rest_route=\/wp\/v2\/pages\/576\/revisions\/594"}],"up":[{"embeddable":true,"href":"https:\/\/www.bdvz-nrw.de\/wordpress\/index.php?rest_route=\/wp\/v2\/pages\/573"}],"wp:attachment":[{"href":"https:\/\/www.bdvz-nrw.de\/wordpress\/index.php?rest_route=%2Fwp%2Fv2%2Fmedia&parent=576"}],"curies":[{"name":"wp","href":"https:\/\/api.w.org\/{rel}","templated":true}]}}