{"id":610,"date":"2015-10-09T07:00:47","date_gmt":"2015-10-09T07:00:47","guid":{"rendered":"http:\/\/www.bdvz-nrw.de\/wordpress\/?page_id=610"},"modified":"2015-10-09T07:15:06","modified_gmt":"2015-10-09T07:15:06","slug":"610-2","status":"publish","type":"page","link":"https:\/\/www.bdvz-nrw.de\/wordpress\/?page_id=610","title":{"rendered":"Reichsb\u00fcrger \u00fcberlasten Gerichte"},"content":{"rendered":"<p>&nbsp;<\/p>\n<header class=\"entry-header\">\n<h1 class=\"entry-title\"><a href=\"http:\/\/justillon.de\/\"><img decoding=\"async\" class=\"header-logo skew\" src=\"http:\/\/justillon.de\/wp-content\/themes\/twentytwelvechild\/logo.png\" alt=\"\" \/><\/a><\/h1>\n<h1 class=\"entry-title\"><\/h1>\n<h1 class=\"entry-title\">Reichsb\u00fcrger \u00fcberlasten Brandenburger Justiz mit abstrusen Verfahren<\/h1>\n<header class=\"entry-header\">\n<div class=\"comments-link\">Ver\u00f6ffentlicht am <a title=\"10:55\" href=\"http:\/\/justillon.de\/2015\/10\/reichsbuerger-ueberlasten-brandenburger-justiz-mit-abstrusen-verfahren\/\" rel=\"bookmark\"><time class=\"entry-date\" datetime=\"2015-10-08T10:55:30+00:00\">8. Oktober 2015<\/time><\/a><span class=\"by-author\"> von <span class=\"author vcard\"><a class=\"url fn n\" title=\"Zeige alle Artikel von Stephan Weinberger\" href=\"http:\/\/justillon.de\/author\/s-weinberger\/\" rel=\"author\">Stephan Weinberger<\/a><\/span><\/span><\/div>\n<\/header>\n<div class=\"entry-content\"><img loading=\"lazy\" decoding=\"async\" class=\"titelbild wp-post-image\" src=\"http:\/\/justillon.de\/wp-content\/uploads\/2014\/12\/richter.jpg\" alt=\"richter\" width=\"600\" height=\"332\" \/>Der Vizepr\u00e4sident des Finanzgerichts Berlin-Brandenburg in Cottbus, Thomas Stapperfend, berichtete im Rechtsausschuss des Brandenburger Landtags \u00fcber die zunehmende Belastung sinnloser Klagen von sogenannten Reichsb\u00fcrgern. Seit zwei Jahren w\u00fcrden die Fallzahlen steigen, etwa f\u00fcnf Prozent der j\u00e4hrlich 5300 Verfahren gingen auf Reichsb\u00fcrger zur\u00fcck.<\/div>\n<\/header>\n<div class=\"entry-content\"><em>Interessant? Dann klick den gr\u00fcnen Button!<\/em> \u00a0\u00a0 <a href=\"http:\/\/justillon.de\/2015\/10\/reichsbuerger-ueberlasten-brandenburger-justiz-mit-abstrusen-verfahren\/\"><img loading=\"lazy\" decoding=\"async\" class=\"alignnone  wp-image-153\" src=\"http:\/\/www.bdvz-nrw.de\/wordpress\/wp-content\/uploads\/2014\/10\/play_green_round_button_4218.jpg\" alt=\"Button\" width=\"42\" height=\"42\" srcset=\"https:\/\/www.bdvz-nrw.de\/wordpress\/wp-content\/uploads\/2014\/10\/play_green_round_button_4218.jpg 256w, https:\/\/www.bdvz-nrw.de\/wordpress\/wp-content\/uploads\/2014\/10\/play_green_round_button_4218-150x150.jpg 150w\" sizes=\"auto, (max-width: 42px) 100vw, 42px\" \/><\/a><\/div>\n","protected":false},"excerpt":{"rendered":"<p>&nbsp; Reichsb\u00fcrger \u00fcberlasten Brandenburger Justiz mit abstrusen Verfahren Ver\u00f6ffentlicht am 8. Oktober 2015 von Stephan Weinberger Der Vizepr\u00e4sident des Finanzgerichts Berlin-Brandenburg in Cottbus, Thomas Stapperfend, berichtete im Rechtsausschuss des Brandenburger Landtags \u00fcber die zunehmende Belastung sinnloser Klagen von sogenannten Reichsb\u00fcrgern. Seit zwei Jahren w\u00fcrden die Fallzahlen steigen, etwa f\u00fcnf Prozent der j\u00e4hrlich 5300 Verfahren gingen &hellip; <a href=\"https:\/\/www.bdvz-nrw.de\/wordpress\/?page_id=610\" class=\"more-link\"><span class=\"screen-reader-text\">Reichsb\u00fcrger \u00fcberlasten Gerichte<\/span> weiterlesen <span class=\"meta-nav\">&rarr;<\/span><\/a><\/p>\n","protected":false},"author":1,"featured_media":0,"parent":573,"menu_order":135,"comment_status":"open","ping_status":"open","template":"","meta":{"footnotes":""},"class_list":["post-610","page","type-page","status-publish","hentry"],"_links":{"self":[{"href":"https:\/\/www.bdvz-nrw.de\/wordpress\/index.php?rest_route=\/wp\/v2\/pages\/610","targetHints":{"allow":["GET"]}}],"collection":[{"href":"https:\/\/www.bdvz-nrw.de\/wordpress\/index.php?rest_route=\/wp\/v2\/pages"}],"about":[{"href":"https:\/\/www.bdvz-nrw.de\/wordpress\/index.php?rest_route=\/wp\/v2\/types\/page"}],"author":[{"embeddable":true,"href":"https:\/\/www.bdvz-nrw.de\/wordpress\/index.php?rest_route=\/wp\/v2\/users\/1"}],"replies":[{"embeddable":true,"href":"https:\/\/www.bdvz-nrw.de\/wordpress\/index.php?rest_route=%2Fwp%2Fv2%2Fcomments&post=610"}],"version-history":[{"count":3,"href":"https:\/\/www.bdvz-nrw.de\/wordpress\/index.php?rest_route=\/wp\/v2\/pages\/610\/revisions"}],"predecessor-version":[{"id":614,"href":"https:\/\/www.bdvz-nrw.de\/wordpress\/index.php?rest_route=\/wp\/v2\/pages\/610\/revisions\/614"}],"up":[{"embeddable":true,"href":"https:\/\/www.bdvz-nrw.de\/wordpress\/index.php?rest_route=\/wp\/v2\/pages\/573"}],"wp:attachment":[{"href":"https:\/\/www.bdvz-nrw.de\/wordpress\/index.php?rest_route=%2Fwp%2Fv2%2Fmedia&parent=610"}],"curies":[{"name":"wp","href":"https:\/\/api.w.org\/{rel}","templated":true}]}}