{"id":627,"date":"2015-11-05T10:54:45","date_gmt":"2015-11-05T10:54:45","guid":{"rendered":"http:\/\/www.bdvz-nrw.de\/wordpress\/?page_id=627"},"modified":"2015-11-05T10:54:45","modified_gmt":"2015-11-05T10:54:45","slug":"reichsbuerger-malta-masche","status":"publish","type":"page","link":"https:\/\/www.bdvz-nrw.de\/wordpress\/?page_id=627","title":{"rendered":"Reichsb\u00fcrger &#8211; Malta-Masche"},"content":{"rendered":"<header class=\"entry-header\">\n<h1 class=\"entry-title\">\u201cReichsb\u00fcrger\u201d versuchen Justizbedienstete mit neuer Malta-Masche einzusch\u00fcchtern<\/h1>\n<div class=\"comments-link\">Ver\u00f6ffentlicht am <a title=\"9:17\" href=\"http:\/\/justillon.de\/2015\/11\/reichsbuerger-versuchen-justizbedienstete-mit-neuer-malta-masche-einzuschuechtern\/\" rel=\"bookmark\"><time class=\"entry-date\" datetime=\"2015-11-02T09:17:17+00:00\">2. November 2015<\/time><\/a><span class=\"by-author\"> von <span class=\"author vcard\"><a class=\"url fn n\" title=\"Zeige alle Artikel von Stephan Weinberger\" href=\"http:\/\/justillon.de\/author\/s-weinberger\/\" rel=\"author\">Stephan Weinberger<\/a><\/span><\/span> \u00a0 <a class=\"entry-meta\" href=\"http:\/\/justillon.de\/2015\/11\/reichsbuerger-versuchen-justizbedienstete-mit-neuer-malta-masche-einzuschuechtern\/#comments\"><i class=\"fa fa-comments-o\"><\/i> 2 Antworten<\/a><\/div>\n<\/header>\n<div class=\"entry-content\"><img loading=\"lazy\" decoding=\"async\" class=\"titelbild wp-post-image\" src=\"http:\/\/justillon.de\/wp-content\/uploads\/2015\/11\/1446384422.jpg\" alt=\"1446384422\" width=\"600\" height=\"332\" \/>Mit immer wieder neuen Methoden versuchen sogenannte \u201cReichsb\u00fcrger\u201d, die Justiz mit sinnlosen Eingaben zu \u00fcberlasten. Die neueste Masche: Mitarbeiter der Justiz werden mit horrenden Geldforderungen eingesch\u00fcchtert, \u00fcber Malta wird ein internationaler Vollstreckungstitel erwirkt. Die Vollstreckung scheiterte bisher nur an Formfehlern. Mittlerweile sind die Botschaften und verschiedene Ministerien der Staaten eingeschaltet, um eine einfache L\u00f6sung zu finden.<\/p>\n<p><em>Interessant? Dann klick den gr\u00fcnen Button!<\/em> \u00a0\u00a0 <a href=\"http:\/\/justillon.de\/2015\/11\/reichsbuerger-versuchen-justizbedienstete-mit-neuer-malta-masche-einzuschuechtern\/\"><img loading=\"lazy\" decoding=\"async\" class=\"alignnone  wp-image-153\" src=\"http:\/\/www.bdvz-nrw.de\/wordpress\/wp-content\/uploads\/2014\/10\/play_green_round_button_4218.jpg\" alt=\"Button\" width=\"42\" height=\"42\" srcset=\"https:\/\/www.bdvz-nrw.de\/wordpress\/wp-content\/uploads\/2014\/10\/play_green_round_button_4218.jpg 256w, https:\/\/www.bdvz-nrw.de\/wordpress\/wp-content\/uploads\/2014\/10\/play_green_round_button_4218-150x150.jpg 150w\" sizes=\"auto, (max-width: 42px) 100vw, 42px\" \/><\/a><\/p>\n<\/div>\n","protected":false},"excerpt":{"rendered":"<p>\u201cReichsb\u00fcrger\u201d versuchen Justizbedienstete mit neuer Malta-Masche einzusch\u00fcchtern Ver\u00f6ffentlicht am 2. November 2015 von Stephan Weinberger \u00a0 2 Antworten Mit immer wieder neuen Methoden versuchen sogenannte \u201cReichsb\u00fcrger\u201d, die Justiz mit sinnlosen Eingaben zu \u00fcberlasten. Die neueste Masche: Mitarbeiter der Justiz werden mit horrenden Geldforderungen eingesch\u00fcchtert, \u00fcber Malta wird ein internationaler Vollstreckungstitel erwirkt. Die Vollstreckung scheiterte bisher &hellip; <a href=\"https:\/\/www.bdvz-nrw.de\/wordpress\/?page_id=627\" class=\"more-link\"><span class=\"screen-reader-text\">Reichsb\u00fcrger &#8211; Malta-Masche<\/span> weiterlesen <span class=\"meta-nav\">&rarr;<\/span><\/a><\/p>\n","protected":false},"author":1,"featured_media":0,"parent":573,"menu_order":136,"comment_status":"open","ping_status":"open","template":"","meta":{"footnotes":""},"class_list":["post-627","page","type-page","status-publish","hentry"],"_links":{"self":[{"href":"https:\/\/www.bdvz-nrw.de\/wordpress\/index.php?rest_route=\/wp\/v2\/pages\/627","targetHints":{"allow":["GET"]}}],"collection":[{"href":"https:\/\/www.bdvz-nrw.de\/wordpress\/index.php?rest_route=\/wp\/v2\/pages"}],"about":[{"href":"https:\/\/www.bdvz-nrw.de\/wordpress\/index.php?rest_route=\/wp\/v2\/types\/page"}],"author":[{"embeddable":true,"href":"https:\/\/www.bdvz-nrw.de\/wordpress\/index.php?rest_route=\/wp\/v2\/users\/1"}],"replies":[{"embeddable":true,"href":"https:\/\/www.bdvz-nrw.de\/wordpress\/index.php?rest_route=%2Fwp%2Fv2%2Fcomments&post=627"}],"version-history":[{"count":2,"href":"https:\/\/www.bdvz-nrw.de\/wordpress\/index.php?rest_route=\/wp\/v2\/pages\/627\/revisions"}],"predecessor-version":[{"id":629,"href":"https:\/\/www.bdvz-nrw.de\/wordpress\/index.php?rest_route=\/wp\/v2\/pages\/627\/revisions\/629"}],"up":[{"embeddable":true,"href":"https:\/\/www.bdvz-nrw.de\/wordpress\/index.php?rest_route=\/wp\/v2\/pages\/573"}],"wp:attachment":[{"href":"https:\/\/www.bdvz-nrw.de\/wordpress\/index.php?rest_route=%2Fwp%2Fv2%2Fmedia&parent=627"}],"curies":[{"name":"wp","href":"https:\/\/api.w.org\/{rel}","templated":true}]}}