{"id":69,"date":"2014-09-14T10:40:13","date_gmt":"2014-09-14T08:40:13","guid":{"rendered":"http:\/\/vollstreckung.low-foodblogger.de\/?page_id=69"},"modified":"2026-02-18T09:25:15","modified_gmt":"2026-02-18T09:25:15","slug":"impressum","status":"publish","type":"page","link":"https:\/\/www.bdvz-nrw.de\/wordpress\/?page_id=69","title":{"rendered":"Impressum"},"content":{"rendered":"<table>\n<tbody>\n<tr>\n<td><\/td>\n<td>\n<table>\n<tbody>\n<tr>\n<td><strong><b><br class=\"auto-style26\" \/><span class=\"auto-style26\">Bund der Vollziehungsbeamten e.V. Landesverband Nordrhein-Westfalen<\/span><\/b><\/strong><\/td>\n<\/tr>\n<\/tbody>\n<\/table>\n<\/td>\n<\/tr>\n<tr>\n<td><\/td>\n<td class=\"auto-style26\"><\/td>\n<td class=\"auto-style26\"><\/td>\n<\/tr>\n<tr>\n<td><\/td>\n<td class=\"auto-style26\"><span style=\"color: black; font-family: Arial;\">R. B\u00f6cker<\/span><span style=\"color: black; font-family: Arial; font-size: small;\"> (Stadt Plettenberg)<br class=\"auto-style26\" \/><span class=\"auto-style26\">Gr\u00fcnestr. 12<br \/>\n58840 Plettenberg<br \/>\n<\/span><\/span><\/td>\n<td class=\"auto-style26\"><\/td>\n<\/tr>\n<tr>\n<td><\/td>\n<td class=\"auto-style26\"><\/td>\n<td class=\"auto-style26\"><\/td>\n<\/tr>\n<tr>\n<td><\/td>\n<td class=\"auto-style26\"><span class=\"auto-style26\"><strong>Rechtliche Angaben:<\/strong><\/span><span style=\"color: black; font-family: Arial; font-size: small;\"><strong><b><br \/>\n<\/b><\/strong><b><\/b><span class=\"auto-style26\">Landesvorsitzender: R. B\u00f6cker<br \/>\n<\/span><\/span><\/td>\n<td class=\"auto-style26\"><\/td>\n<\/tr>\n<tr>\n<td><\/td>\n<td class=\"auto-style26\"><\/td>\n<td class=\"auto-style26\"><\/td>\n<\/tr>\n<tr>\n<td><\/td>\n<td class=\"auto-style26\"><strong>Vereinsregister:<\/strong><\/td>\n<td class=\"auto-style26\"><\/td>\n<\/tr>\n<tr>\n<td><\/td>\n<td class=\"auto-style26\">Amtsgericht Coesfeld VR 3645<\/td>\n<td class=\"auto-style26\"><\/td>\n<\/tr>\n<tr>\n<td><\/td>\n<td class=\"auto-style26\"><\/td>\n<td class=\"auto-style26\"><\/td>\n<\/tr>\n<tr>\n<td><\/td>\n<td class=\"auto-style26\"><span class=\"auto-style26\"><strong>Technische Angaben:<\/strong><\/span><span style=\"color: black; font-family: Arial; font-size: small;\"><strong><b><br \/>\n<\/b><\/strong><span class=\"auto-style26\">Technisch Verantwortlicher: R. B\u00f6cker<\/span><\/span><\/td>\n<td class=\"auto-style26\"><\/td>\n<\/tr>\n<tr>\n<td><\/td>\n<td class=\"auto-style26\"><\/td>\n<td class=\"auto-style26\"><\/td>\n<\/tr>\n<tr>\n<td><\/td>\n<td class=\"auto-style26\"><strong><span style=\"color: black; font-family: Arial;\"><b>Weitere Informationen:<br \/>\n<\/b><\/span><\/strong><\/td>\n<td class=\"auto-style26\"><\/td>\n<\/tr>\n<tr>\n<td><\/td>\n<td class=\"auto-style26\"><\/td>\n<td class=\"auto-style26\"><\/td>\n<\/tr>\n<tr>\n<td><\/td>\n<td class=\"auto-style26\"><span style=\"color: black; font-family: Arial; font-size: small;\"><span class=\"auto-style26\">Trotz sorgf\u00e4ltiger inhaltlicher Kontrolle \u00fcbernehmen wir keine Haftung f\u00fcr die Inhalte externer Links. F\u00fcr den Inhalt der verlinkten Seiten sind ausschlie\u00dflich deren Betreiber verantwortlich. Alle hier verwendeten Namen, Begriffe, Zeichen und Grafiken k\u00f6nnen Marken- oder Warenzeichen im Besitze ihrer rechtlichen Eigent\u00fcmer sein. Die Rechte aller erw\u00e4hnten und benutzten Marken- und Warenzeichen liegen ausschlie\u00dflich bei deren Besitzern.<\/span><\/span><\/td>\n<\/tr>\n<\/tbody>\n<\/table>\n","protected":false},"excerpt":{"rendered":"<p>Bund der Vollziehungsbeamten e.V. Landesverband Nordrhein-Westfalen R. B\u00f6cker (Stadt Plettenberg)Gr\u00fcnestr. 12 58840 Plettenberg Rechtliche Angaben: Landesvorsitzender: R. B\u00f6cker Vereinsregister: Amtsgericht Coesfeld VR 3645 Technische Angaben: Technisch Verantwortlicher: R. B\u00f6cker Weitere Informationen: Trotz sorgf\u00e4ltiger inhaltlicher Kontrolle \u00fcbernehmen wir keine Haftung f\u00fcr die Inhalte externer Links. F\u00fcr den Inhalt der verlinkten Seiten sind ausschlie\u00dflich deren Betreiber verantwortlich. &hellip; <a href=\"https:\/\/www.bdvz-nrw.de\/wordpress\/?page_id=69\" class=\"more-link\"><span class=\"screen-reader-text\">Impressum<\/span> weiterlesen <span class=\"meta-nav\">&rarr;<\/span><\/a><\/p>\n","protected":false},"author":1,"featured_media":0,"parent":0,"menu_order":80,"comment_status":"closed","ping_status":"open","template":"","meta":{"footnotes":""},"class_list":["post-69","page","type-page","status-publish","hentry"],"_links":{"self":[{"href":"https:\/\/www.bdvz-nrw.de\/wordpress\/index.php?rest_route=\/wp\/v2\/pages\/69","targetHints":{"allow":["GET"]}}],"collection":[{"href":"https:\/\/www.bdvz-nrw.de\/wordpress\/index.php?rest_route=\/wp\/v2\/pages"}],"about":[{"href":"https:\/\/www.bdvz-nrw.de\/wordpress\/index.php?rest_route=\/wp\/v2\/types\/page"}],"author":[{"embeddable":true,"href":"https:\/\/www.bdvz-nrw.de\/wordpress\/index.php?rest_route=\/wp\/v2\/users\/1"}],"replies":[{"embeddable":true,"href":"https:\/\/www.bdvz-nrw.de\/wordpress\/index.php?rest_route=%2Fwp%2Fv2%2Fcomments&post=69"}],"version-history":[{"count":8,"href":"https:\/\/www.bdvz-nrw.de\/wordpress\/index.php?rest_route=\/wp\/v2\/pages\/69\/revisions"}],"predecessor-version":[{"id":12213,"href":"https:\/\/www.bdvz-nrw.de\/wordpress\/index.php?rest_route=\/wp\/v2\/pages\/69\/revisions\/12213"}],"wp:attachment":[{"href":"https:\/\/www.bdvz-nrw.de\/wordpress\/index.php?rest_route=%2Fwp%2Fv2%2Fmedia&parent=69"}],"curies":[{"name":"wp","href":"https:\/\/api.w.org\/{rel}","templated":true}]}}