{"id":708,"date":"2015-12-01T08:03:50","date_gmt":"2015-12-01T08:03:50","guid":{"rendered":"http:\/\/www.bdvz-nrw.de\/wordpress\/?page_id=708"},"modified":"2025-12-14T09:40:20","modified_gmt":"2025-12-14T09:40:20","slug":"ermittlungen-fuer-effektive-vollstreckung","status":"publish","type":"page","link":"https:\/\/www.bdvz-nrw.de\/wordpress\/?page_id=708","title":{"rendered":"Reichsb\u00fcrger-Wie geht man damit um?"},"content":{"rendered":"<h4 style=\"text-align: center;\">Umgang mit extremistschen Personen am Beispiel der Reichsb\u00fcrger &#8211; Wie geht man damit um?<\/h4>\n<p style=\"text-align: center;\"><strong>07. Mai 2026<\/strong><\/p>\n<p><strong>Seminarinhalte:<\/strong><\/p>\n<p>Der Verfassungsschutz hat nun festgestellt, dass die Zahl der echten Reichsb\u00fcrger bislang untersch\u00e4tzt wurde. Etwas, was wir alle wussten, hat sich nun best\u00e4tigt, dass wirft Fragen f\u00fcr die Praxis auf. Diese und andere Fragen sollen in dem Seminar beleuchtet und aktiv diskutiert werden. Viele Kolleginnen und Kollegen haben bereits Kontakt mit Reichsb\u00fcrgern oder sogenannten Selbstverwaltern gehabt. Trotzdem herrscht immer wieder Unsicherheit. Der Austausch soll diese Unsicherheiten abbauen und Hilfen f\u00fcr die Praxis geben inkl. einer Musterdienstanweisung.<\/p>\n<p><strong>Schwerpunkte:<\/strong><\/p>\n<ul>\n<li>Wieso werden Menschen Reichsb\u00fcrger?<\/li>\n<li>Kann man Trittbrettfahrer erkennen?<\/li>\n<li>Welches Ziel haben diese Leute und kann man das verhindern?<\/li>\n<li>Wie sch\u00fctze ich mich und meine Familie und was kann mein Arbeitgeber tun?<\/li>\n<li>Wie gehe ich mit Reichsb\u00fcrgern um?<\/li>\n<li>Welche Schutzma\u00dfnahmen sind sinnvoll?<\/li>\n<li>Welche Straftatbest\u00e4nde sind m\u00f6glicherweise erf\u00fcllt?<\/li>\n<li>Wie reagiere ich im Au\u00dfendienst oder im Innendienst?<\/li>\n<li>Steht mir Rechtschutz durch den Arbeitgeber zu?<\/li>\n<\/ul>\n<p><strong>Teilnehmer:<\/strong><\/p>\n<p>Kolleginnen und Kollegen aus dem Innen- und Au\u00dfendienst<\/p>\n<p><strong>Referentin:<\/strong><\/p>\n<p>Frau Sandra Peitz, Finanzministerium NRW<\/p>\n<p><strong>Preis f\u00fcr \u00a0 \u00a0 \u00a0 \u00a0 \u00a0Mitglieder \u00a0 \u00a0 \u00a0 \u00a0 \u00a0 \u00a0 \u00a0 \u00a0 Nichtmitglieder<\/strong><br \/>\nSeminar\u00a0 \u00a0 \u00a0 \u00a0 \u00a0 \u00a0 210,00 \u20ac \u00a0 \u00a0 \u00a0 \u00a0 \u00a0 \u00a0 \u00a0 \u00a0 \u00a0 \u00a0 \u00a0 \u00a0 \u00a0\u00a0 234,00 \u20ac<br \/>\nUnterkunft* \u00a0 \u00a0<span style=\"text-decoration: underline;\"> 95,00 \u20ac<\/span> \u00a0 \u00a0 \u00a0 \u00a0 \u00a0 \u00a0 \u00a0 \u00a0 \u00a0 \u00a0 \u00a0 \u00a0 \u00a0 \u00a0 \u00a0 <span style=\"text-decoration: underline;\">95,00 \u20ac<\/span><br \/>\nGesamt:\u00a0 \u00a0 \u00a0 \u00a0 \u00a0 305,00 \u20ac\u00a0 \u00a0 \u00a0 \u00a0 \u00a0 \u00a0 \u00a0 \u00a0 \u00a0 \u00a0 \u00a0 \u00a0 \u00a0 \u00a0 \u00a0329,00 \u20ac<\/p>\n<p>*Die Unterkunft umfasst 1 \u00dcbernachtung + Fr\u00fchst\u00fcck + Tagungspauschale. Falls keine \u00dcbernachtung gebucht wird, f\u00e4llt eine Tagungspauschale von 49,50 \u20ac pro Tag an. Darin enthalten sind 1 Mittagessen + 1 Getr\u00e4nk und Pausengetr\u00e4nke wie Tee oder Kaffee.<\/p>\n<p><strong>Veranstaltungsort \u00a0 \u00a0 \u00a0 \u00a0 \u00a0 \u00a0 \u00a0 \u00a0 \u00a0 \u00a0 \u00a0 \u00a0 \u00a0 \u00a0 \u00a0 \u00a0 \u00a0 \u00a0 \u00a0 Hotel<\/strong><\/p>\n<p>&#8222;Haus Wilmers&#8220; \u00a0 \u00a0 \u00a0 \u00a0 \u00a0 \u00a0 \u00a0 \u00a0 \u00a0 \u00a0 \u00a0 \u00a0 \u00a0 \u00a0 \u00a0 \u00a0 \u00a0 \u00a0 \u00a0 \u00a0 \u00a0 \u00a0 Hotel Nagel<br \/>\nKirchplatz 9 \u00a0 \u00a0 \u00a0 \u00a0 \u00a0 \u00a0 \u00a0 \u00a0 \u00a0 \u00a0 \u00a0 \u00a0 \u00a0 \u00a0 \u00a0 \u00a0 \u00a0 \u00a0 \u00a0 \u00a0 \u00a0 \u00a0 \u00a0 \u00a0 \u00a0 \u00a0 \u00a0Kirchplatz 8<br \/>\n46354 S\u00fcdlohn \u00a0 \u00a0 \u00a0 \u00a0 \u00a0 \u00a0 \u00a0 \u00a0 \u00a0 \u00a0 \u00a0 \u00a0 \u00a0 \u00a0 \u00a0 \u00a0 \u00a0 \u00a0 \u00a0 \u00a0 \u00a0 \u00a0 \u00a0 46354 S\u00fcdlohn<br \/>\nTel. 02862\/7877 \u00a0 \u00a0 \u00a0 \u00a0 \u00a0 \u00a0 \u00a0 \u00a0 \u00a0 \u00a0 \u00a0 \u00a0 \u00a0 \u00a0 \u00a0 \u00a0 \u00a0 \u00a0 \u00a0 \u00a0 \u00a0 Tel. 02862\/9804-0<\/p>\n<p>Die Anreise wird am Vorabend bis 19.00 Uhr erwartet.<\/p>\n<p style=\"text-align: left;\">\n<div class=\"wpcf7 no-js\" id=\"wpcf7-f344-o1\" lang=\"de-DE\" dir=\"ltr\">\n<div class=\"screen-reader-response\"><p role=\"status\" aria-live=\"polite\" aria-atomic=\"true\"><\/p> <ul><\/ul><\/div>\n<form action=\"\/wordpress\/index.php?rest_route=%2Fwp%2Fv2%2Fpages%2F708#wpcf7-f344-o1\" method=\"post\" class=\"wpcf7-form init\" aria-label=\"Kontaktformular\" novalidate=\"novalidate\" data-status=\"init\">\n<div style=\"display: none;\">\n<input type=\"hidden\" name=\"_wpcf7\" value=\"344\" \/>\n<input type=\"hidden\" name=\"_wpcf7_version\" value=\"5.9.8\" \/>\n<input type=\"hidden\" name=\"_wpcf7_locale\" value=\"de_DE\" \/>\n<input type=\"hidden\" name=\"_wpcf7_unit_tag\" value=\"wpcf7-f344-o1\" \/>\n<input type=\"hidden\" name=\"_wpcf7_container_post\" value=\"0\" \/>\n<input type=\"hidden\" name=\"_wpcf7_posted_data_hash\" value=\"\" \/>\n<input type=\"hidden\" name=\"_wpcf7_recaptcha_response\" value=\"\" \/>\n<\/div>\n<p><b>Seminardatum (nicht Anreisetag!) und Seminarname<br \/>\neintragen (Pflichtfeld)<\/b>\n<\/p>\n<p><span class=\"wpcf7-form-control-wrap\" data-name=\"Seminare24\"><select class=\"wpcf7-form-control wpcf7-select wpcf7-validates-as-required\" aria-required=\"true\" aria-invalid=\"false\" name=\"Seminare24\"><option value=\"\">&#8211; Bitte ausw\u00e4hlen &#8211;<\/option><option value=\"- Grundseminar Eigensicherung (Modul 1)\t03.02.2026 Siegen\">- Grundseminar Eigensicherung (Modul 1)\t03.02.2026 Siegen<\/option><option value=\"- Aufbauseminar Eigensicherung (Modul 2)\t04.02.2026 Siegen\">- Aufbauseminar Eigensicherung (Modul 2)\t04.02.2026 Siegen<\/option><option value=\"- Die Forderungspf\u00e4ndung, Arbeitseinkommen etc.\t04.03.2026 - 05.03.2026 Siegen\">- Die Forderungspf\u00e4ndung, Arbeitseinkommen etc.\t04.03.2026 - 05.03.2026 Siegen<\/option><option value=\"- Aufbauseminar Eigensicherung (Modul 2)\t10.03.2026 Siegen\">- Aufbauseminar Eigensicherung (Modul 2)\t10.03.2026 Siegen<\/option><option value=\"- Spezialseminar Eigensicherung (Modul 3)\t11.03.2026 Siegen\">- Spezialseminar Eigensicherung (Modul 3)\t11.03.2026 Siegen<\/option><option value=\"- Grundseminar f\u00fcr Vollziehungsbeamtinnen und -beamte 23.03.2026 \u2013 27.03.2026 S\u00fcdlohn\">- Grundseminar f\u00fcr Vollziehungsbeamtinnen und -beamte 23.03.2026 \u2013 27.03.2026 S\u00fcdlohn<\/option><option value=\"- Vollstreckung rund um den Nachlass 14.04.2026 Online\">- Vollstreckung rund um den Nachlass 14.04.2026 Online<\/option><option value=\"- Rechtsseminar zur Eigensicherung\t15.04.2026 Siegen\">- Rechtsseminar zur Eigensicherung\t15.04.2026 Siegen<\/option><option value=\"- Spezialseminar Eigensicherung (Modul 3)\t16.04.2026 Siegen\">- Spezialseminar Eigensicherung (Modul 3)\t16.04.2026 Siegen<\/option><option value=\"- Grundseminar Zwangsversteigerung\t22.04.2026 Siegen\">- Grundseminar Zwangsversteigerung\t22.04.2026 Siegen<\/option><option value=\"- Konflikte in der Vollstreckung\t23.04.2026 Siegen\">- Konflikte in der Vollstreckung\t23.04.2026 Siegen<\/option><option value=\"- Grundlagenseminar Insolvenz\t28.04.2026 S\u00fcdlohn\">- Grundlagenseminar Insolvenz\t28.04.2026 S\u00fcdlohn<\/option><option value=\"- Eigensicherung Modul 6 - Vertiefung der erlernten Modelle\t29.04. - 30.04.2026 Siegen\">- Eigensicherung Modul 6 - Vertiefung der erlernten Modelle\t29.04. - 30.04.2026 Siegen<\/option><option value=\"- Abnahme der Verm\u00f6gensauskunft\t06.05.2026 S\u00fcdlohn\">- Abnahme der Verm\u00f6gensauskunft\t06.05.2026 S\u00fcdlohn<\/option><option value=\"- Umgang mit extremistischen Personen am Bsp. Reichsb\u00fcrger\t07.05.2026 S\u00fcdlohn\">- Umgang mit extremistischen Personen am Bsp. Reichsb\u00fcrger\t07.05.2026 S\u00fcdlohn<\/option><option value=\"- Gl\u00e4ubigertaktik in der Zwangsvollstreckung 15.06.2026 Online\">- Gl\u00e4ubigertaktik in der Zwangsvollstreckung 15.06.2026 Online<\/option><option value=\"- Die Vollstreckung gegen Gesamtschuldner, Erbengemeinschaften etc.\t16.06.2026 S\u00fcdlohn\">- Die Vollstreckung gegen Gesamtschuldner, Erbengemeinschaften etc.\t16.06.2026 S\u00fcdlohn<\/option><option value=\"- Pf\u00e4ndung und Verwertung von Kraftfahrzeugen\t13.07.2026 S\u00fcdlohn\">- Pf\u00e4ndung und Verwertung von Kraftfahrzeugen\t13.07.2026 S\u00fcdlohn<\/option><option value=\"- Spielautomatenpf\u00e4ndung mit\/ohne Gewinnm\u00f6glichkeit\t14.07.2026 Siegen\">- Spielautomatenpf\u00e4ndung mit\/ohne Gewinnm\u00f6glichkeit\t14.07.2026 Siegen<\/option><option value=\"- Die Vollstreckung von Bu\u00dfgeldbescheiden 07.09.2026 Online\">- Die Vollstreckung von Bu\u00dfgeldbescheiden 07.09.2026 Online<\/option><option value=\"- Aufbauseminar Zwangsversteigerung\t24.09.2026 Siegen\">- Aufbauseminar Zwangsversteigerung\t24.09.2026 Siegen<\/option><option value=\"- Die T\u00fcr\u00f6ffnung \/ Wohnungsdurchsuchung\t01.10.2026 S\u00fcdlohn\">- Die T\u00fcr\u00f6ffnung \/ Wohnungsdurchsuchung\t01.10.2026 S\u00fcdlohn<\/option><option value=\"- Aktuelle Gesetzes\u00e4nderungen u. Fragen aus der Praxis\t05.10.2026 - 06.10.2026 Werne\">- Aktuelle Gesetzes\u00e4nderungen u. Fragen aus der Praxis\t05.10.2026 - 06.10.2026 Werne<\/option><option value=\"- Grundseminar Eigensicherung (Modul 1)\t07.10.2026 Siegen\">- Grundseminar Eigensicherung (Modul 1)\t07.10.2026 Siegen<\/option><option value=\"- Aufbauseminar Eigensicherung (Modul 2)\t08.10.2026 Siegen\">- Aufbauseminar Eigensicherung (Modul 2)\t08.10.2026 Siegen<\/option><option value=\"- Grundseminar f\u00fcr Vollziehungsbeamtinnen und -beamte 12.10.2026 \u2013 16.10.2026 S\u00fcdlohn\">- Grundseminar f\u00fcr Vollziehungsbeamtinnen und -beamte 12.10.2026 \u2013 16.10.2026 S\u00fcdlohn<\/option><option value=\"- Informationsgewinnung in der Vollstreckung\t03.11.2026 online\">- Informationsgewinnung in der Vollstreckung\t03.11.2026 online<\/option><option value=\"- Aufbauseminar Eigensicherung (Modul 2)\t10.11.2026 Siegen\">- Aufbauseminar Eigensicherung (Modul 2)\t10.11.2026 Siegen<\/option><option value=\"- Spezialseminar Eigensicherung (Modul 3)\t11.11.2026 Siegen\">- Spezialseminar Eigensicherung (Modul 3)\t11.11.2026 Siegen<\/option><option value=\"- Eigensicherung Modul 6 - Vertiefung der erlernten Modelle\t24.11. - 25.11.2026 Siegen\">- Eigensicherung Modul 6 - Vertiefung der erlernten Modelle\t24.11. - 25.11.2026 Siegen<\/option><\/select><\/span>\n<\/p>\n<p><b>Ihr Name (Pflichtfeld)<\/b>\n<\/p>\n<p><span class=\"wpcf7-form-control-wrap\" data-name=\"your-name\"><input size=\"40\" maxlength=\"400\" class=\"wpcf7-form-control wpcf7-text wpcf7-validates-as-required\" aria-required=\"true\" aria-invalid=\"false\" value=\"\" type=\"text\" name=\"your-name\" \/><\/span>\n<\/p>\n<p><b>Beh\u00f6rde (Pflichtfeld)<\/b>\n<\/p>\n<p><span class=\"wpcf7-form-control-wrap\" data-name=\"Behoerde\"><input size=\"40\" maxlength=\"400\" class=\"wpcf7-form-control wpcf7-text wpcf7-validates-as-required\" aria-required=\"true\" aria-invalid=\"false\" value=\"\" type=\"text\" name=\"Behoerde\" \/><\/span>\n<\/p>\n<p><b>Adresse der Beh\u00f6rde (Pflichtfeld)<\/b>\n<\/p>\n<p><span class=\"wpcf7-form-control-wrap\" data-name=\"BehoerdenadressePflichtfeld\"><input size=\"40\" maxlength=\"400\" class=\"wpcf7-form-control wpcf7-text wpcf7-validates-as-required\" aria-required=\"true\" aria-invalid=\"false\" value=\"\" type=\"text\" name=\"BehoerdenadressePflichtfeld\" \/><\/span>\n<\/p>\n<p><b>Ihre E-Mail-Adresse (Pflichtfeld)<\/b>\n<\/p>\n<p><span class=\"wpcf7-form-control-wrap\" data-name=\"your-email\"><input size=\"40\" maxlength=\"400\" class=\"wpcf7-form-control wpcf7-email wpcf7-validates-as-required wpcf7-text wpcf7-validates-as-email\" aria-required=\"true\" aria-invalid=\"false\" value=\"\" type=\"email\" name=\"your-email\" \/><\/span>\n<\/p>\n<p><b>Mitglied BDVZ (Pflichtfeld)<\/b>\n<\/p>\n<p><span class=\"wpcf7-form-control-wrap\" data-name=\"MitgliedBDVZ\"><select class=\"wpcf7-form-control wpcf7-select wpcf7-validates-as-required\" aria-required=\"true\" aria-invalid=\"false\" name=\"MitgliedBDVZ\"><option value=\"Ja\">Ja<\/option><option value=\"Nein\">Nein<\/option><\/select><\/span>\n<\/p>\n<p><b>\u00dcbernachtung (Pflichtfeld)<\/b>\n<\/p>\n<p><span class=\"wpcf7-form-control-wrap\" data-name=\"Uebernachtung\"><select class=\"wpcf7-form-control wpcf7-select wpcf7-validates-as-required\" aria-required=\"true\" aria-invalid=\"false\" name=\"Uebernachtung\"><option value=\"Ja\">Ja<\/option><option value=\"Nein\">Nein<\/option><\/select><\/span>\n<\/p>\n<p><b>Ich bin damit einverstanden, dass mein Name, Vorname und meine Dienststelle auf einer Teilnehmerliste im Vorfeld des Seminares an den Teilnehmerkreis versendet wird. (Pflichtfeld)<\/b>\n<\/p>\n<p><span class=\"wpcf7-form-control-wrap\" data-name=\"Datenschutzerklaerung\"><span class=\"wpcf7-form-control wpcf7-checkbox wpcf7-validates-as-required\"><span class=\"wpcf7-list-item first\"><span class=\"wpcf7-list-item-label\">Ja<\/span><input type=\"checkbox\" name=\"Datenschutzerklaerung[]\" value=\"Ja\" \/><\/span><span class=\"wpcf7-list-item last\"><span class=\"wpcf7-list-item-label\">Nein<\/span><input type=\"checkbox\" name=\"Datenschutzerklaerung[]\" value=\"Nein\" \/><\/span><\/span><\/span>\n<\/p>\n<p><b>Hiermit stimme ich den AGB's dieser Seite zu!<\/b>\n<\/p>\n<p><span class=\"wpcf7-form-control-wrap\" data-name=\"AGB\"><span class=\"wpcf7-form-control wpcf7-checkbox wpcf7-validates-as-required\"><span class=\"wpcf7-list-item first last\"><span class=\"wpcf7-list-item-label\">Ich stimme zu<\/span><input type=\"checkbox\" name=\"AGB[]\" value=\"Ich stimme zu\" \/><\/span><\/span><\/span>\n<\/p>\n<p><b>Ihre Nachricht\/Anmerkungen<\/b>\n<\/p>\n<p><span class=\"wpcf7-form-control-wrap\" data-name=\"your-message\"><textarea cols=\"40\" rows=\"10\" maxlength=\"2000\" class=\"wpcf7-form-control wpcf7-textarea\" aria-invalid=\"false\" name=\"your-message\"><\/textarea><\/span>\n<\/p>\n<p><input class=\"wpcf7-form-control wpcf7-submit has-spinner\" type=\"submit\" value=\"Senden\" \/>\n<\/p><div class=\"wpcf7-response-output\" aria-hidden=\"true\"><\/div>\n<\/form>\n<\/div>\n<\/p>\n","protected":false},"excerpt":{"rendered":"<p>Umgang mit extremistschen Personen am Beispiel der Reichsb\u00fcrger &#8211; Wie geht man damit um? 07. Mai 2026 Seminarinhalte: Der Verfassungsschutz hat nun festgestellt, dass die Zahl der echten Reichsb\u00fcrger bislang untersch\u00e4tzt wurde. Etwas, was wir alle wussten, hat sich nun best\u00e4tigt, dass wirft Fragen f\u00fcr die Praxis auf. Diese und andere Fragen sollen in dem &hellip; <a href=\"https:\/\/www.bdvz-nrw.de\/wordpress\/?page_id=708\" class=\"more-link\"><span class=\"screen-reader-text\">Reichsb\u00fcrger-Wie geht man damit um?<\/span> weiterlesen <span class=\"meta-nav\">&rarr;<\/span><\/a><\/p>\n","protected":false},"author":1,"featured_media":0,"parent":0,"menu_order":211,"comment_status":"closed","ping_status":"closed","template":"","meta":{"footnotes":""},"class_list":["post-708","page","type-page","status-publish","hentry"],"_links":{"self":[{"href":"https:\/\/www.bdvz-nrw.de\/wordpress\/index.php?rest_route=\/wp\/v2\/pages\/708","targetHints":{"allow":["GET"]}}],"collection":[{"href":"https:\/\/www.bdvz-nrw.de\/wordpress\/index.php?rest_route=\/wp\/v2\/pages"}],"about":[{"href":"https:\/\/www.bdvz-nrw.de\/wordpress\/index.php?rest_route=\/wp\/v2\/types\/page"}],"author":[{"embeddable":true,"href":"https:\/\/www.bdvz-nrw.de\/wordpress\/index.php?rest_route=\/wp\/v2\/users\/1"}],"replies":[{"embeddable":true,"href":"https:\/\/www.bdvz-nrw.de\/wordpress\/index.php?rest_route=%2Fwp%2Fv2%2Fcomments&post=708"}],"version-history":[{"count":12,"href":"https:\/\/www.bdvz-nrw.de\/wordpress\/index.php?rest_route=\/wp\/v2\/pages\/708\/revisions"}],"predecessor-version":[{"id":12158,"href":"https:\/\/www.bdvz-nrw.de\/wordpress\/index.php?rest_route=\/wp\/v2\/pages\/708\/revisions\/12158"}],"wp:attachment":[{"href":"https:\/\/www.bdvz-nrw.de\/wordpress\/index.php?rest_route=%2Fwp%2Fv2%2Fmedia&parent=708"}],"curies":[{"name":"wp","href":"https:\/\/api.w.org\/{rel}","templated":true}]}}