{"id":8,"date":"2014-09-09T16:52:50","date_gmt":"2014-09-09T16:52:50","guid":{"rendered":"http:\/\/vollstreckung.low-foodblogger.de\/?page_id=8"},"modified":"2025-12-16T08:04:57","modified_gmt":"2025-12-16T08:04:57","slug":"home","status":"publish","type":"page","link":"https:\/\/www.bdvz-nrw.de\/wordpress\/","title":{"rendered":"Wir stellen uns vor&#8230;"},"content":{"rendered":"<h4>&nbsp;<\/h4>\n<h4 style=\"text-align: center;\">Wir stellen uns vor&#8230;<\/h4>\n<p>Zweck und Aufgabe des Landesverbandes NRW ist die Wahrnehmung der Interessen seiner Mitglieder, die Aus- und Fortbildung der Mitglieder zu unterst\u00fctzen und zu betreiben. Die Unterst\u00fctzung und F\u00f6rderung seiner Mitglieder, um in gemeinsamer Arbeit durch Beratung und Vermittlung des Erfahrungsaustausches die Belange der Verwaltungsvollstreckung und ihre einheitliche Ausrichtung in NRW auf gesetzlicher Grundlage zu sichern. Die Pflege und F\u00f6rderung der Zusammenarbeit mit Fach- und Standesorganisationen sowie Gewerkschaften und Verb\u00e4nden der Rechtswissenschaft. Die Gr\u00fcndung einer bundesweiten Interessenvertretung zu unterst\u00fctzen.<\/p>\n<p><br class=\"auto-style26\"><span class=\"auto-style26\">Der Bund der Vollziehungsbeamten e.V. bietet j\u00e4hrlich Aus- und Weiterbildungsseminare f\u00fcr Kollegen durch qualifizierte Fachreferenten zu aktuellen Themen und Gesetzes\u00e4nderungen an. Ebenso sind Seminare als Grundlehrg\u00e4nge, Rhetorikseminare und Seminare zu Sachthemen in unserem Programm vorhanden. Unsere Seminare vermitteln ein hohes Niveau an Kenntnissen \u00fcber den aktuellen Rechtsstand und vertiefen die Ausbildung in der Zwangsvollstreckung, die f\u00fcr eine erfolgreiche T\u00e4tigkeit erforderlich sind.<\/span><\/p>\n<p><strong>Allgemeine Datenschutzerkl\u00e4rung<\/strong><\/p>\n<p>Durch die Nutzung unserer Website erkl\u00e4ren Sie sich mit der Erhebung, Verarbeitung und Nutzung von Daten gem\u00e4\u00df der nachfolgenden Beschreibung einverstanden. Unsere Website kann grunds\u00e4tzlich ohne Registrierung besucht werden. Dabei werden Daten wie beispielsweise aufgerufene Seiten bzw. Namen der abgerufenen Datei, Datum und Uhrzeit zu statistischen Zwecken auf dem Server gespeichert, ohne dass diese Daten unmittelbar auf Ihre Person bezogen werden. Personenbezogene Daten, insbesondere Name, Adresse oder E-Mail-Adresse werden soweit m\u00f6glich auf freiwilliger Basis erhoben. Ohne Ihre Einwilligung erfolgt keine Weitergabe der Daten an Dritte.<\/p>\n<p>Quelle: <a href=\"https:\/\/www.anwalt.de\/vorlage\/muster-datenschutzerklaerung.php\">Muster-Datenschutzerkl\u00e4rung von anwalt.de<\/a><\/p>\n\n\n\n\n\n","protected":false},"excerpt":{"rendered":"<p>&nbsp; Wir stellen uns vor&#8230; Zweck und Aufgabe des Landesverbandes NRW ist die Wahrnehmung der Interessen seiner Mitglieder, die Aus- und Fortbildung der Mitglieder zu unterst\u00fctzen und zu betreiben. Die Unterst\u00fctzung und F\u00f6rderung seiner Mitglieder, um in gemeinsamer Arbeit durch Beratung und Vermittlung des Erfahrungsaustausches die Belange der Verwaltungsvollstreckung und ihre einheitliche Ausrichtung in NRW &hellip; <a href=\"https:\/\/www.bdvz-nrw.de\/wordpress\/\" class=\"more-link\"><span class=\"screen-reader-text\">Wir stellen uns vor&#8230;<\/span> weiterlesen <span class=\"meta-nav\">&rarr;<\/span><\/a><\/p>\n","protected":false},"author":1,"featured_media":0,"parent":0,"menu_order":10,"comment_status":"closed","ping_status":"closed","template":"","meta":{"footnotes":""},"class_list":["post-8","page","type-page","status-publish","hentry"],"_links":{"self":[{"href":"https:\/\/www.bdvz-nrw.de\/wordpress\/index.php?rest_route=\/wp\/v2\/pages\/8","targetHints":{"allow":["GET"]}}],"collection":[{"href":"https:\/\/www.bdvz-nrw.de\/wordpress\/index.php?rest_route=\/wp\/v2\/pages"}],"about":[{"href":"https:\/\/www.bdvz-nrw.de\/wordpress\/index.php?rest_route=\/wp\/v2\/types\/page"}],"author":[{"embeddable":true,"href":"https:\/\/www.bdvz-nrw.de\/wordpress\/index.php?rest_route=\/wp\/v2\/users\/1"}],"replies":[{"embeddable":true,"href":"https:\/\/www.bdvz-nrw.de\/wordpress\/index.php?rest_route=%2Fwp%2Fv2%2Fcomments&post=8"}],"version-history":[{"count":63,"href":"https:\/\/www.bdvz-nrw.de\/wordpress\/index.php?rest_route=\/wp\/v2\/pages\/8\/revisions"}],"predecessor-version":[{"id":12198,"href":"https:\/\/www.bdvz-nrw.de\/wordpress\/index.php?rest_route=\/wp\/v2\/pages\/8\/revisions\/12198"}],"wp:attachment":[{"href":"https:\/\/www.bdvz-nrw.de\/wordpress\/index.php?rest_route=%2Fwp%2Fv2%2Fmedia&parent=8"}],"curies":[{"name":"wp","href":"https:\/\/api.w.org\/{rel}","templated":true}]}}